{"id":115,"date":"2021-03-04T17:28:40","date_gmt":"2021-03-04T17:28:40","guid":{"rendered":"http:\/\/www.cargoflex.com.pe\/bloghome\/"},"modified":"2023-09-06T19:36:49","modified_gmt":"2023-09-06T19:36:49","slug":"cargoflex-s-a-c","status":"publish","type":"page","link":"https:\/\/cargoflex.com.pe\/blog\/","title":{"rendered":"Home"},"content":{"rendered":"","protected":false},"excerpt":{"rendered":"","protected":false},"author":1,"featured_media":0,"parent":0,"menu_order":0,"comment_status":"closed","ping_status":"closed","template":"template-homepage.php","meta":{"_joinchat":[],"footnotes":""},"class_list":["post-115","page","type-page","status-publish","hentry"],"yoast_head":"<!-- This site is optimized with the Yoast SEO plugin v24.9 - https:\/\/yoast.com\/wordpress\/plugins\/seo\/ -->\n<title>CargoFlex S.A.C.<\/title>\n<meta name=\"description\" content=\"Log\u00edstica Integral, somos una empresa peruana especializada en la integraci\u00f3n y ejecuci\u00f3n de manera FLEXIBLE, SEGURA y EFICIENTE de Transporte, Agenciamiento de Aduanas, Tracking Online, Comex, Almac\u00e9n, Fletes.\" \/>\n<meta name=\"robots\" content=\"index, follow, max-snippet:-1, max-image-preview:large, max-video-preview:-1\" \/>\n<link rel=\"canonical\" href=\"https:\/\/cargoflex.com.pe\/blog\/\" \/>\n<meta property=\"og:locale\" content=\"es_ES\" \/>\n<meta property=\"og:type\" content=\"article\" \/>\n<meta property=\"og:title\" content=\"CargoFlex S.A.C.\" \/>\n<meta property=\"og:description\" content=\"Log\u00edstica Integral, somos una empresa peruana especializada en la integraci\u00f3n y ejecuci\u00f3n de manera FLEXIBLE, SEGURA y EFICIENTE de Transporte, Agenciamiento de Aduanas, Tracking Online, Comex, Almac\u00e9n, Fletes.\" \/>\n<meta property=\"og:url\" content=\"https:\/\/cargoflex.com.pe\/blog\/\" \/>\n<meta property=\"og:site_name\" content=\"CARGOFLEX\" \/>\n<meta property=\"article:modified_time\" content=\"2023-09-06T19:36:49+00:00\" \/>\n<meta name=\"twitter:card\" content=\"summary_large_image\" \/>\n<script type=\"application\/ld+json\" class=\"yoast-schema-graph\">{\"@context\":\"https:\/\/schema.org\",\"@graph\":[{\"@type\":\"WebPage\",\"@id\":\"https:\/\/cargoflex.com.pe\/blog\/\",\"url\":\"https:\/\/cargoflex.com.pe\/blog\/\",\"name\":\"CargoFlex S.A.C.\",\"isPartOf\":{\"@id\":\"https:\/\/cargoflex.com.pe\/blog\/#website\"},\"datePublished\":\"2021-03-04T17:28:40+00:00\",\"dateModified\":\"2023-09-06T19:36:49+00:00\",\"description\":\"Log\u00edstica Integral, somos una empresa peruana especializada en la integraci\u00f3n y ejecuci\u00f3n de manera FLEXIBLE, SEGURA y EFICIENTE de Transporte, Agenciamiento de Aduanas, Tracking Online, Comex, Almac\u00e9n, Fletes.\",\"inLanguage\":\"es\",\"potentialAction\":[{\"@type\":\"ReadAction\",\"target\":[\"https:\/\/cargoflex.com.pe\/blog\/\"]}]},{\"@type\":\"WebSite\",\"@id\":\"https:\/\/cargoflex.com.pe\/blog\/#website\",\"url\":\"https:\/\/cargoflex.com.pe\/blog\/\",\"name\":\"CARGOFLEX\",\"description\":\"mpresa de servicios log\u00edsticos internacionales, especializada en operaciones de comercio exterior con enfoque flexible, eficiente y personalizado. Con oficinas en Per\u00fa, Estados Unidos y Espa\u00f1a, gestionamos tus env\u00edos bajo un mismo est\u00e1ndar de calidad\",\"publisher\":{\"@id\":\"https:\/\/cargoflex.com.pe\/blog\/#organization\"},\"potentialAction\":[{\"@type\":\"SearchAction\",\"target\":{\"@type\":\"EntryPoint\",\"urlTemplate\":\"https:\/\/cargoflex.com.pe\/blog\/?s={search_term_string}\"},\"query-input\":{\"@type\":\"PropertyValueSpecification\",\"valueRequired\":true,\"valueName\":\"search_term_string\"}}],\"inLanguage\":\"es\"},{\"@type\":\"Organization\",\"@id\":\"https:\/\/cargoflex.com.pe\/blog\/#organization\",\"name\":\"CARGOFLEX\",\"url\":\"https:\/\/cargoflex.com.pe\/blog\/\",\"logo\":{\"@type\":\"ImageObject\",\"inLanguage\":\"es\",\"@id\":\"https:\/\/cargoflex.com.pe\/blog\/#\/schema\/logo\/image\/\",\"url\":\"https:\/\/cargoflex.com.pe\/blog\/wp-content\/uploads\/2023\/07\/cropped-logo-cargoflex-1.png\",\"contentUrl\":\"https:\/\/cargoflex.com.pe\/blog\/wp-content\/uploads\/2023\/07\/cropped-logo-cargoflex-1.png\",\"width\":413,\"height\":126,\"caption\":\"CARGOFLEX\"},\"image\":{\"@id\":\"https:\/\/cargoflex.com.pe\/blog\/#\/schema\/logo\/image\/\"}}]}<\/script>\n<!-- \/ Yoast SEO plugin. -->","yoast_head_json":{"title":"CargoFlex S.A.C.","description":"Log\u00edstica Integral, somos una empresa peruana especializada en la integraci\u00f3n y ejecuci\u00f3n de manera FLEXIBLE, SEGURA y EFICIENTE de Transporte, Agenciamiento de Aduanas, Tracking Online, Comex, Almac\u00e9n, Fletes.","robots":{"index":"index","follow":"follow","max-snippet":"max-snippet:-1","max-image-preview":"max-image-preview:large","max-video-preview":"max-video-preview:-1"},"canonical":"https:\/\/cargoflex.com.pe\/blog\/","og_locale":"es_ES","og_type":"article","og_title":"CargoFlex S.A.C.","og_description":"Log\u00edstica Integral, somos una empresa peruana especializada en la integraci\u00f3n y ejecuci\u00f3n de manera FLEXIBLE, SEGURA y EFICIENTE de Transporte, Agenciamiento de Aduanas, Tracking Online, Comex, Almac\u00e9n, Fletes.","og_url":"https:\/\/cargoflex.com.pe\/blog\/","og_site_name":"CARGOFLEX","article_modified_time":"2023-09-06T19:36:49+00:00","twitter_card":"summary_large_image","schema":{"@context":"https:\/\/schema.org","@graph":[{"@type":"WebPage","@id":"https:\/\/cargoflex.com.pe\/blog\/","url":"https:\/\/cargoflex.com.pe\/blog\/","name":"CargoFlex S.A.C.","isPartOf":{"@id":"https:\/\/cargoflex.com.pe\/blog\/#website"},"datePublished":"2021-03-04T17:28:40+00:00","dateModified":"2023-09-06T19:36:49+00:00","description":"Log\u00edstica Integral, somos una empresa peruana especializada en la integraci\u00f3n y ejecuci\u00f3n de manera FLEXIBLE, SEGURA y EFICIENTE de Transporte, Agenciamiento de Aduanas, Tracking Online, Comex, Almac\u00e9n, Fletes.","inLanguage":"es","potentialAction":[{"@type":"ReadAction","target":["https:\/\/cargoflex.com.pe\/blog\/"]}]},{"@type":"WebSite","@id":"https:\/\/cargoflex.com.pe\/blog\/#website","url":"https:\/\/cargoflex.com.pe\/blog\/","name":"CARGOFLEX","description":"mpresa de servicios log\u00edsticos internacionales, especializada en operaciones de comercio exterior con enfoque flexible, eficiente y personalizado. Con oficinas en Per\u00fa, Estados Unidos y Espa\u00f1a, gestionamos tus env\u00edos bajo un mismo est\u00e1ndar de calidad","publisher":{"@id":"https:\/\/cargoflex.com.pe\/blog\/#organization"},"potentialAction":[{"@type":"SearchAction","target":{"@type":"EntryPoint","urlTemplate":"https:\/\/cargoflex.com.pe\/blog\/?s={search_term_string}"},"query-input":{"@type":"PropertyValueSpecification","valueRequired":true,"valueName":"search_term_string"}}],"inLanguage":"es"},{"@type":"Organization","@id":"https:\/\/cargoflex.com.pe\/blog\/#organization","name":"CARGOFLEX","url":"https:\/\/cargoflex.com.pe\/blog\/","logo":{"@type":"ImageObject","inLanguage":"es","@id":"https:\/\/cargoflex.com.pe\/blog\/#\/schema\/logo\/image\/","url":"https:\/\/cargoflex.com.pe\/blog\/wp-content\/uploads\/2023\/07\/cropped-logo-cargoflex-1.png","contentUrl":"https:\/\/cargoflex.com.pe\/blog\/wp-content\/uploads\/2023\/07\/cropped-logo-cargoflex-1.png","width":413,"height":126,"caption":"CARGOFLEX"},"image":{"@id":"https:\/\/cargoflex.com.pe\/blog\/#\/schema\/logo\/image\/"}}]}},"_links":{"self":[{"href":"https:\/\/cargoflex.com.pe\/blog\/wp-json\/wp\/v2\/pages\/115","targetHints":{"allow":["GET"]}}],"collection":[{"href":"https:\/\/cargoflex.com.pe\/blog\/wp-json\/wp\/v2\/pages"}],"about":[{"href":"https:\/\/cargoflex.com.pe\/blog\/wp-json\/wp\/v2\/types\/page"}],"author":[{"embeddable":true,"href":"https:\/\/cargoflex.com.pe\/blog\/wp-json\/wp\/v2\/users\/1"}],"replies":[{"embeddable":true,"href":"https:\/\/cargoflex.com.pe\/blog\/wp-json\/wp\/v2\/comments?post=115"}],"version-history":[{"count":1,"href":"https:\/\/cargoflex.com.pe\/blog\/wp-json\/wp\/v2\/pages\/115\/revisions"}],"predecessor-version":[{"id":575,"href":"https:\/\/cargoflex.com.pe\/blog\/wp-json\/wp\/v2\/pages\/115\/revisions\/575"}],"wp:attachment":[{"href":"https:\/\/cargoflex.com.pe\/blog\/wp-json\/wp\/v2\/media?parent=115"}],"curies":[{"name":"wp","href":"https:\/\/api.w.org\/{rel}","templated":true}]}}