{"id":2,"date":"2021-03-03T17:32:48","date_gmt":"2021-03-03T17:32:48","guid":{"rendered":"http:\/\/www.cargoflex.com.pe\/blog?page_id=2"},"modified":"2024-11-11T02:19:53","modified_gmt":"2024-11-11T02:19:53","slug":"nosotros","status":"publish","type":"page","link":"https:\/\/cargoflex.com.pe\/blog\/nosotros\/","title":{"rendered":"Cargoflex Nosotros"},"content":{"rendered":"\t\t<div data-elementor-type=\"wp-page\" data-elementor-id=\"2\" class=\"elementor elementor-2\">\n\t\t\t\t\t\t\t\t\t<section class=\"elementor-section elementor-top-section elementor-element elementor-element-f22c0c9 elementor-section-boxed elementor-section-height-default elementor-section-height-default\" data-id=\"f22c0c9\" data-element_type=\"section\">\n\t\t\t\t\t\t<div class=\"elementor-container elementor-column-gap-default\">\n\t\t\t\t\t<div class=\"elementor-column elementor-col-100 elementor-top-column elementor-element elementor-element-eb3a4c1\" data-id=\"eb3a4c1\" data-element_type=\"column\">\n\t\t\t<div class=\"elementor-widget-wrap elementor-element-populated\">\n\t\t\t\t\t\t\t\t<div class=\"elementor-element elementor-element-d7a5961 animated-slow elementor-invisible elementor-widget elementor-widget-image\" data-id=\"d7a5961\" data-element_type=\"widget\" data-settings=\"{&quot;_animation&quot;:&quot;fadeInRight&quot;}\" data-widget_type=\"image.default\">\n\t\t\t\t<div class=\"elementor-widget-container\">\n\t\t\t\t\t\t\t\t\t\t\t\t\t\t\t<img loading=\"lazy\" decoding=\"async\" width=\"1024\" height=\"320\" src=\"https:\/\/cargoflex.com.pe\/blog\/wp-content\/uploads\/2021\/03\/cargoflex-slider1-1024x320.jpg\" class=\"attachment-large size-large wp-image-143\" alt=\"\" srcset=\"https:\/\/cargoflex.com.pe\/blog\/wp-content\/uploads\/2021\/03\/cargoflex-slider1-1024x320.jpg 1024w, https:\/\/cargoflex.com.pe\/blog\/wp-content\/uploads\/2021\/03\/cargoflex-slider1-300x94.jpg 300w, https:\/\/cargoflex.com.pe\/blog\/wp-content\/uploads\/2021\/03\/cargoflex-slider1-768x240.jpg 768w, https:\/\/cargoflex.com.pe\/blog\/wp-content\/uploads\/2021\/03\/cargoflex-slider1-1536x480.jpg 1536w, https:\/\/cargoflex.com.pe\/blog\/wp-content\/uploads\/2021\/03\/cargoflex-slider1.jpg 1600w\" sizes=\"auto, (max-width: 1024px) 100vw, 1024px\" \/>\t\t\t\t\t\t\t\t\t\t\t\t\t\t\t<\/div>\n\t\t\t\t<\/div>\n\t\t\t\t\t<\/div>\n\t\t<\/div>\n\t\t\t\t\t\t\t<\/div>\n\t\t<\/section>\n\t\t\t\t<section class=\"elementor-section elementor-top-section elementor-element elementor-element-3e0aa06 elementor-section-boxed elementor-section-height-default elementor-section-height-default\" data-id=\"3e0aa06\" data-element_type=\"section\">\n\t\t\t\t\t\t<div class=\"elementor-container elementor-column-gap-default\">\n\t\t\t\t\t<div class=\"elementor-column elementor-col-100 elementor-top-column elementor-element elementor-element-64c07e4\" data-id=\"64c07e4\" data-element_type=\"column\">\n\t\t\t<div class=\"elementor-widget-wrap elementor-element-populated\">\n\t\t\t\t\t\t\t\t<div class=\"elementor-element elementor-element-4b5e9b0 elementor-invisible elementor-widget elementor-widget-image\" data-id=\"4b5e9b0\" data-element_type=\"widget\" data-settings=\"{&quot;_animation&quot;:&quot;fadeIn&quot;}\" data-widget_type=\"image.default\">\n\t\t\t\t<div class=\"elementor-widget-container\">\n\t\t\t\t\t\t\t\t\t\t\t\t\t\t\t<img loading=\"lazy\" decoding=\"async\" width=\"413\" height=\"126\" src=\"https:\/\/cargoflex.com.pe\/blog\/wp-content\/uploads\/2023\/07\/cropped-logo-cargoflex-1.png\" class=\"attachment-large size-large wp-image-892\" alt=\"\" srcset=\"https:\/\/cargoflex.com.pe\/blog\/wp-content\/uploads\/2023\/07\/cropped-logo-cargoflex-1.png 413w, https:\/\/cargoflex.com.pe\/blog\/wp-content\/uploads\/2023\/07\/cropped-logo-cargoflex-1-300x92.png 300w\" sizes=\"auto, (max-width: 413px) 100vw, 413px\" \/>\t\t\t\t\t\t\t\t\t\t\t\t\t\t\t<\/div>\n\t\t\t\t<\/div>\n\t\t\t\t\t<\/div>\n\t\t<\/div>\n\t\t\t\t\t\t\t<\/div>\n\t\t<\/section>\n\t\t\t\t<section class=\"elementor-section elementor-top-section elementor-element elementor-element-d6979c8 elementor-section-boxed elementor-section-height-default elementor-section-height-default\" data-id=\"d6979c8\" data-element_type=\"section\">\n\t\t\t\t\t\t<div class=\"elementor-container elementor-column-gap-default\">\n\t\t\t\t\t<div class=\"elementor-column elementor-col-100 elementor-top-column elementor-element elementor-element-24f6c0e\" data-id=\"24f6c0e\" data-element_type=\"column\">\n\t\t\t<div class=\"elementor-widget-wrap elementor-element-populated\">\n\t\t\t\t\t\t\t\t<div class=\"elementor-element elementor-element-30d4b54 elementor-widget elementor-widget-text-editor\" data-id=\"30d4b54\" data-element_type=\"widget\" data-widget_type=\"text-editor.default\">\n\t\t\t\t<div class=\"elementor-widget-container\">\n\t\t\t\t\t\t\t<h3 style=\"text-align: center;\">Somos una empresa 100% peruana, especializada en la integraci\u00f3n y ejecuci\u00f3n de manera\u00a0<strong>FLEXIBLE Y EFICIENTE<\/strong>\u00a0de operaciones log\u00edsticas orientadas al comercio Internacional.<\/h3>\n<h3 style=\"text-align: center;\">Contamos con un equipo de expertos lo cual garantiza que las operaciones de nuestros clientes se manejen de manera segura, buscando en todo momento cumplir con los acuerdos de nivel de servicio establecidos por nuestros clientes.<\/h3>\t\t\t\t\t\t<\/div>\n\t\t\t\t<\/div>\n\t\t\t\t\t<\/div>\n\t\t<\/div>\n\t\t\t\t\t\t\t<\/div>\n\t\t<\/section>\n\t\t\t\t<section class=\"elementor-section elementor-top-section elementor-element elementor-element-bcc1a53 elementor-section-boxed elementor-section-height-default elementor-section-height-default\" data-id=\"bcc1a53\" data-element_type=\"section\">\n\t\t\t\t\t\t<div class=\"elementor-container elementor-column-gap-default\">\n\t\t\t\t\t<div class=\"elementor-column elementor-col-100 elementor-top-column elementor-element elementor-element-96fc79e\" data-id=\"96fc79e\" data-element_type=\"column\">\n\t\t\t<div class=\"elementor-widget-wrap elementor-element-populated\">\n\t\t\t\t\t\t\t\t<div class=\"elementor-element elementor-element-e19edff elementor-widget elementor-widget-image\" data-id=\"e19edff\" data-element_type=\"widget\" data-widget_type=\"image.default\">\n\t\t\t\t<div class=\"elementor-widget-container\">\n\t\t\t\t\t\t\t\t\t\t\t\t\t\t\t<img loading=\"lazy\" decoding=\"async\" width=\"1024\" height=\"901\" src=\"https:\/\/cargoflex.com.pe\/blog\/wp-content\/uploads\/2024\/11\/jurisdiccion5-1024x901.jpg\" class=\"attachment-large size-large wp-image-1101\" alt=\"\" srcset=\"https:\/\/cargoflex.com.pe\/blog\/wp-content\/uploads\/2024\/11\/jurisdiccion5-1024x901.jpg 1024w, https:\/\/cargoflex.com.pe\/blog\/wp-content\/uploads\/2024\/11\/jurisdiccion5-300x264.jpg 300w, https:\/\/cargoflex.com.pe\/blog\/wp-content\/uploads\/2024\/11\/jurisdiccion5-768x676.jpg 768w, https:\/\/cargoflex.com.pe\/blog\/wp-content\/uploads\/2024\/11\/jurisdiccion5.jpg 1366w\" sizes=\"auto, (max-width: 1024px) 100vw, 1024px\" \/>\t\t\t\t\t\t\t\t\t\t\t\t\t\t\t<\/div>\n\t\t\t\t<\/div>\n\t\t\t\t\t<\/div>\n\t\t<\/div>\n\t\t\t\t\t\t\t<\/div>\n\t\t<\/section>\n\t\t\t\t<section class=\"elementor-section elementor-top-section elementor-element elementor-element-43f86f25 animated-slow elementor-section-boxed elementor-section-height-default elementor-section-height-default elementor-invisible\" data-id=\"43f86f25\" data-element_type=\"section\" data-settings=\"{&quot;animation&quot;:&quot;fadeInRight&quot;}\">\n\t\t\t\t\t\t<div class=\"elementor-container elementor-column-gap-default\">\n\t\t\t\t\t<div class=\"elementor-column elementor-col-100 elementor-top-column elementor-element elementor-element-3adf41ca\" data-id=\"3adf41ca\" data-element_type=\"column\">\n\t\t\t<div class=\"elementor-widget-wrap elementor-element-populated\">\n\t\t\t\t\t\t\t\t<div class=\"elementor-element elementor-element-3060878b elementor-widget elementor-widget-text-editor\" data-id=\"3060878b\" data-element_type=\"widget\" data-widget_type=\"text-editor.default\">\n\t\t\t\t<div class=\"elementor-widget-container\">\n\t\t\t\t\t\t\t<!-- wp:paragraph -->\n<h2>Misi\u00f3n<\/h2>\n<!-- \/wp:paragraph --><!-- wp:quote -->\n<blockquote class=\"wp-block-quote\">\n<p>Brindar servicios Log\u00edsticos\u00a0 integrales a nivel nacional e internacional, atendiendo las exigencias del mercado de manera r\u00e1pida y flexible, soportados por un equipo de profesionales altamente calificados que garanticen al 100% el cumplimiento de los objetivos de\u00a0 nuestros clientes.<\/p>\n<\/blockquote>\n<!-- \/wp:quote --><!-- wp:paragraph -->\n<h2>Visi\u00f3n<\/h2>\n<!-- \/wp:paragraph --><!-- wp:quote -->\n<blockquote class=\"wp-block-quote\">\n<p>Ser reconocidos como la mejor empresa en el sector log\u00edstico de comercio internacional, impactando de manera positiva en los negocios de nuestros clientes basados en una oferta de servicios de alta calidad y seguridad soportados por la transparencia en el manejo de la informaci\u00f3n.<\/p>\n<\/blockquote>\n<!-- \/wp:quote --><!-- wp:paragraph -->\n<p>CargoFlex es una empresa 100% peruana, especializada en la integraci\u00f3n y ejecuci\u00f3n de manera <strong>FLEXIBLE Y EFICIENTE<\/strong>\u00a0de operaciones log\u00edsticas orientadas al comercio Internacional.<\/p>\n<!-- \/wp:paragraph -->\t\t\t\t\t\t<\/div>\n\t\t\t\t<\/div>\n\t\t\t\t\t<\/div>\n\t\t<\/div>\n\t\t\t\t\t\t\t<\/div>\n\t\t<\/section>\n\t\t\t\t<section class=\"elementor-section elementor-top-section elementor-element elementor-element-591a30f elementor-section-boxed elementor-section-height-default elementor-section-height-default\" data-id=\"591a30f\" data-element_type=\"section\">\n\t\t\t\t\t\t<div class=\"elementor-container elementor-column-gap-default\">\n\t\t\t\t\t<div class=\"elementor-column elementor-col-100 elementor-top-column elementor-element elementor-element-4447dc3\" data-id=\"4447dc3\" data-element_type=\"column\">\n\t\t\t<div class=\"elementor-widget-wrap elementor-element-populated\">\n\t\t\t\t\t\t\t\t<div class=\"elementor-element elementor-element-3d5b48c elementor-widget elementor-widget-spacer\" data-id=\"3d5b48c\" data-element_type=\"widget\" data-widget_type=\"spacer.default\">\n\t\t\t\t<div class=\"elementor-widget-container\">\n\t\t\t\t\t<div class=\"elementor-spacer\">\n\t\t\t<div class=\"elementor-spacer-inner\"><\/div>\n\t\t<\/div>\n\t\t\t\t<\/div>\n\t\t\t\t<\/div>\n\t\t\t\t<div class=\"elementor-element elementor-element-49d7ace elementor-invisible elementor-widget elementor-widget-text-editor\" data-id=\"49d7ace\" data-element_type=\"widget\" data-settings=\"{&quot;_animation&quot;:&quot;zoomIn&quot;}\" data-widget_type=\"text-editor.default\">\n\t\t\t\t<div class=\"elementor-widget-container\">\n\t\t\t\t\t\t\t<h3 class=\"elementor-heading-title elementor-size-large\"><strong>\u00abOperaciones Log\u00edsticas Flexibles y Eficientes orientadas al comercio internacional.\u00bb<\/strong><\/h3>\t\t\t\t\t\t<\/div>\n\t\t\t\t<\/div>\n\t\t\t\t<div class=\"elementor-element elementor-element-2ec3d16 elementor-widget elementor-widget-spacer\" data-id=\"2ec3d16\" data-element_type=\"widget\" data-widget_type=\"spacer.default\">\n\t\t\t\t<div class=\"elementor-widget-container\">\n\t\t\t\t\t<div class=\"elementor-spacer\">\n\t\t\t<div class=\"elementor-spacer-inner\"><\/div>\n\t\t<\/div>\n\t\t\t\t<\/div>\n\t\t\t\t<\/div>\n\t\t\t\t\t<\/div>\n\t\t<\/div>\n\t\t\t\t\t\t\t<\/div>\n\t\t<\/section>\n\t\t\t\t<section class=\"elementor-section elementor-top-section elementor-element elementor-element-beceb8f elementor-section-height-min-height elementor-section-items-top elementor-section-boxed elementor-section-height-default\" data-id=\"beceb8f\" data-element_type=\"section\">\n\t\t\t\t\t\t<div class=\"elementor-container elementor-column-gap-default\">\n\t\t\t\t\t<div class=\"elementor-column elementor-col-25 elementor-top-column elementor-element elementor-element-e49005e\" data-id=\"e49005e\" data-element_type=\"column\">\n\t\t\t<div class=\"elementor-widget-wrap elementor-element-populated\">\n\t\t\t\t\t\t\t\t<div class=\"elementor-element elementor-element-4adbf71 elementor-invisible elementor-widget elementor-widget-image\" data-id=\"4adbf71\" data-element_type=\"widget\" data-settings=\"{&quot;_animation&quot;:&quot;fadeIn&quot;}\" data-widget_type=\"image.default\">\n\t\t\t\t<div class=\"elementor-widget-container\">\n\t\t\t\t\t\t\t\t\t\t\t\t\t\t\t<img loading=\"lazy\" decoding=\"async\" width=\"308\" height=\"309\" src=\"https:\/\/cargoflex.com.pe\/blog\/wp-content\/uploads\/2021\/03\/3.jpg\" class=\"attachment-large size-large wp-image-205\" alt=\"\" srcset=\"https:\/\/cargoflex.com.pe\/blog\/wp-content\/uploads\/2021\/03\/3.jpg 308w, https:\/\/cargoflex.com.pe\/blog\/wp-content\/uploads\/2021\/03\/3-300x300.jpg 300w, https:\/\/cargoflex.com.pe\/blog\/wp-content\/uploads\/2021\/03\/3-150x150.jpg 150w, https:\/\/cargoflex.com.pe\/blog\/wp-content\/uploads\/2021\/03\/elementor\/thumbs\/3-p3zt231mc4nm4wql8wt13o5h2xtnxgqbzql62p7nao.jpg 120w\" sizes=\"auto, (max-width: 308px) 100vw, 308px\" \/>\t\t\t\t\t\t\t\t\t\t\t\t\t\t\t<\/div>\n\t\t\t\t<\/div>\n\t\t\t\t\t<\/div>\n\t\t<\/div>\n\t\t\t\t<div class=\"elementor-column elementor-col-25 elementor-top-column elementor-element elementor-element-5c90700\" data-id=\"5c90700\" data-element_type=\"column\">\n\t\t\t<div class=\"elementor-widget-wrap elementor-element-populated\">\n\t\t\t\t\t\t\t\t<div class=\"elementor-element elementor-element-2a480c9 elementor-invisible elementor-widget elementor-widget-image\" data-id=\"2a480c9\" data-element_type=\"widget\" data-settings=\"{&quot;_animation&quot;:&quot;fadeIn&quot;}\" data-widget_type=\"image.default\">\n\t\t\t\t<div class=\"elementor-widget-container\">\n\t\t\t\t\t\t\t\t\t\t\t\t\t\t\t<img loading=\"lazy\" decoding=\"async\" width=\"308\" height=\"309\" src=\"https:\/\/cargoflex.com.pe\/blog\/wp-content\/uploads\/2021\/03\/2.jpg\" class=\"attachment-large size-large wp-image-201\" alt=\"\" srcset=\"https:\/\/cargoflex.com.pe\/blog\/wp-content\/uploads\/2021\/03\/2.jpg 308w, https:\/\/cargoflex.com.pe\/blog\/wp-content\/uploads\/2021\/03\/2-300x300.jpg 300w, https:\/\/cargoflex.com.pe\/blog\/wp-content\/uploads\/2021\/03\/2-150x150.jpg 150w, https:\/\/cargoflex.com.pe\/blog\/wp-content\/uploads\/2021\/03\/elementor\/thumbs\/2-p3zt13br4fapvq6h1hd7gx5yiappsysj6tspu6olv4.jpg 120w\" sizes=\"auto, (max-width: 308px) 100vw, 308px\" \/>\t\t\t\t\t\t\t\t\t\t\t\t\t\t\t<\/div>\n\t\t\t\t<\/div>\n\t\t\t\t\t<\/div>\n\t\t<\/div>\n\t\t\t\t<div class=\"elementor-column elementor-col-25 elementor-top-column elementor-element elementor-element-2e60332\" data-id=\"2e60332\" data-element_type=\"column\">\n\t\t\t<div class=\"elementor-widget-wrap elementor-element-populated\">\n\t\t\t\t\t\t\t\t<div class=\"elementor-element elementor-element-87d15fc elementor-invisible elementor-widget elementor-widget-image\" data-id=\"87d15fc\" data-element_type=\"widget\" data-settings=\"{&quot;_animation&quot;:&quot;fadeIn&quot;}\" data-widget_type=\"image.default\">\n\t\t\t\t<div class=\"elementor-widget-container\">\n\t\t\t\t\t\t\t\t\t\t\t\t\t\t\t<img loading=\"lazy\" decoding=\"async\" width=\"309\" height=\"309\" src=\"https:\/\/cargoflex.com.pe\/blog\/wp-content\/uploads\/2021\/03\/1.jpg\" class=\"attachment-large size-large wp-image-197\" alt=\"\" srcset=\"https:\/\/cargoflex.com.pe\/blog\/wp-content\/uploads\/2021\/03\/1.jpg 309w, https:\/\/cargoflex.com.pe\/blog\/wp-content\/uploads\/2021\/03\/1-300x300.jpg 300w, https:\/\/cargoflex.com.pe\/blog\/wp-content\/uploads\/2021\/03\/1-150x150.jpg 150w, https:\/\/cargoflex.com.pe\/blog\/wp-content\/uploads\/2021\/03\/elementor\/thumbs\/1-p3zsx1mrp3r9w623o8e18fxifkntnvq4ysoggaomnk.jpg 120w\" sizes=\"auto, (max-width: 309px) 100vw, 309px\" \/>\t\t\t\t\t\t\t\t\t\t\t\t\t\t\t<\/div>\n\t\t\t\t<\/div>\n\t\t\t\t\t<\/div>\n\t\t<\/div>\n\t\t\t\t<div class=\"elementor-column elementor-col-25 elementor-top-column elementor-element elementor-element-2e4f378\" data-id=\"2e4f378\" data-element_type=\"column\">\n\t\t\t<div class=\"elementor-widget-wrap elementor-element-populated\">\n\t\t\t\t\t\t\t\t<div class=\"elementor-element elementor-element-69032b8 elementor-invisible elementor-widget elementor-widget-image\" data-id=\"69032b8\" data-element_type=\"widget\" data-settings=\"{&quot;_animation&quot;:&quot;fadeIn&quot;}\" data-widget_type=\"image.default\">\n\t\t\t\t<div class=\"elementor-widget-container\">\n\t\t\t\t\t\t\t\t\t\t\t\t\t\t\t<img loading=\"lazy\" decoding=\"async\" width=\"308\" height=\"309\" src=\"https:\/\/cargoflex.com.pe\/blog\/wp-content\/uploads\/2021\/03\/4.jpg\" class=\"attachment-large size-large wp-image-206\" alt=\"\" srcset=\"https:\/\/cargoflex.com.pe\/blog\/wp-content\/uploads\/2021\/03\/4.jpg 308w, https:\/\/cargoflex.com.pe\/blog\/wp-content\/uploads\/2021\/03\/4-300x300.jpg 300w, https:\/\/cargoflex.com.pe\/blog\/wp-content\/uploads\/2021\/03\/4-150x150.jpg 150w, https:\/\/cargoflex.com.pe\/blog\/wp-content\/uploads\/2021\/03\/elementor\/thumbs\/4-p3zt36iub65noj58udvd0e6u14f2wr3255zk8bl41c.jpg 120w\" sizes=\"auto, (max-width: 308px) 100vw, 308px\" \/>\t\t\t\t\t\t\t\t\t\t\t\t\t\t\t<\/div>\n\t\t\t\t<\/div>\n\t\t\t\t\t<\/div>\n\t\t<\/div>\n\t\t\t\t\t\t\t<\/div>\n\t\t<\/section>\n\t\t\t\t\t\t\t<\/div>\n\t\t","protected":false},"excerpt":{"rendered":"<p>Somos una empresa 100% peruana, especializada en la integraci\u00f3n y ejecuci\u00f3n de manera\u00a0FLEXIBLE Y EFICIENTE\u00a0de operaciones log\u00edsticas orientadas al comercio Internacional. Contamos con un equipo de expertos lo cual garantiza que las operaciones de nuestros clientes se manejen de manera segura, buscando en todo momento cumplir con los acuerdos de nivel de servicio establecidos por [&hellip;]<\/p>\n","protected":false},"author":1,"featured_media":0,"parent":0,"menu_order":0,"comment_status":"closed","ping_status":"closed","template":"","meta":{"_joinchat":[],"footnotes":""},"class_list":["post-2","page","type-page","status-publish","hentry"],"yoast_head":"<!-- This site is optimized with the Yoast SEO plugin v24.9 - https:\/\/yoast.com\/wordpress\/plugins\/seo\/ -->\n<title>Nosotros<\/title>\n<meta name=\"robots\" content=\"index, follow, max-snippet:-1, max-image-preview:large, max-video-preview:-1\" \/>\n<link rel=\"canonical\" href=\"https:\/\/cargoflex.com.pe\/blog\/nosotros\/\" \/>\n<meta property=\"og:locale\" content=\"es_ES\" \/>\n<meta property=\"og:type\" content=\"article\" \/>\n<meta property=\"og:title\" content=\"Nosotros\" \/>\n<meta property=\"og:description\" content=\"Somos una empresa 100% peruana, especializada en la integraci\u00f3n y ejecuci\u00f3n de manera\u00a0FLEXIBLE Y EFICIENTE\u00a0de operaciones log\u00edsticas orientadas al comercio Internacional. Contamos con un equipo de expertos lo cual garantiza que las operaciones de nuestros clientes se manejen de manera segura, buscando en todo momento cumplir con los acuerdos de nivel de servicio establecidos por [&hellip;]\" \/>\n<meta property=\"og:url\" content=\"https:\/\/cargoflex.com.pe\/blog\/nosotros\/\" \/>\n<meta property=\"og:site_name\" content=\"CARGOFLEX\" \/>\n<meta property=\"article:modified_time\" content=\"2024-11-11T02:19:53+00:00\" \/>\n<meta property=\"og:image\" content=\"https:\/\/cargoflex.com.pe\/blog\/wp-content\/uploads\/2021\/03\/cargoflex-slider1.jpg\" \/>\n\t<meta property=\"og:image:width\" content=\"1600\" \/>\n\t<meta property=\"og:image:height\" content=\"500\" \/>\n\t<meta property=\"og:image:type\" content=\"image\/jpeg\" \/>\n<meta name=\"twitter:card\" content=\"summary_large_image\" \/>\n<meta name=\"twitter:label1\" content=\"Tiempo de lectura\" \/>\n\t<meta name=\"twitter:data1\" content=\"2 minutos\" \/>\n<script type=\"application\/ld+json\" class=\"yoast-schema-graph\">{\"@context\":\"https:\/\/schema.org\",\"@graph\":[{\"@type\":\"WebPage\",\"@id\":\"https:\/\/cargoflex.com.pe\/blog\/nosotros\/\",\"url\":\"https:\/\/cargoflex.com.pe\/blog\/nosotros\/\",\"name\":\"Nosotros\",\"isPartOf\":{\"@id\":\"https:\/\/cargoflex.com.pe\/blog\/#website\"},\"primaryImageOfPage\":{\"@id\":\"https:\/\/cargoflex.com.pe\/blog\/nosotros\/#primaryimage\"},\"image\":{\"@id\":\"https:\/\/cargoflex.com.pe\/blog\/nosotros\/#primaryimage\"},\"thumbnailUrl\":\"https:\/\/cargoflex.com.pe\/blog\/wp-content\/uploads\/2021\/03\/cargoflex-slider1-1024x320.jpg\",\"datePublished\":\"2021-03-03T17:32:48+00:00\",\"dateModified\":\"2024-11-11T02:19:53+00:00\",\"inLanguage\":\"es\",\"potentialAction\":[{\"@type\":\"ReadAction\",\"target\":[\"https:\/\/cargoflex.com.pe\/blog\/nosotros\/\"]}]},{\"@type\":\"ImageObject\",\"inLanguage\":\"es\",\"@id\":\"https:\/\/cargoflex.com.pe\/blog\/nosotros\/#primaryimage\",\"url\":\"https:\/\/cargoflex.com.pe\/blog\/wp-content\/uploads\/2021\/03\/cargoflex-slider1.jpg\",\"contentUrl\":\"https:\/\/cargoflex.com.pe\/blog\/wp-content\/uploads\/2021\/03\/cargoflex-slider1.jpg\",\"width\":1600,\"height\":500},{\"@type\":\"WebSite\",\"@id\":\"https:\/\/cargoflex.com.pe\/blog\/#website\",\"url\":\"https:\/\/cargoflex.com.pe\/blog\/\",\"name\":\"CARGOFLEX\",\"description\":\"mpresa de servicios log\u00edsticos internacionales, especializada en operaciones de comercio exterior con enfoque flexible, eficiente y personalizado. Con oficinas en Per\u00fa, Estados Unidos y Espa\u00f1a, gestionamos tus env\u00edos bajo un mismo est\u00e1ndar de calidad\",\"publisher\":{\"@id\":\"https:\/\/cargoflex.com.pe\/blog\/#organization\"},\"potentialAction\":[{\"@type\":\"SearchAction\",\"target\":{\"@type\":\"EntryPoint\",\"urlTemplate\":\"https:\/\/cargoflex.com.pe\/blog\/?s={search_term_string}\"},\"query-input\":{\"@type\":\"PropertyValueSpecification\",\"valueRequired\":true,\"valueName\":\"search_term_string\"}}],\"inLanguage\":\"es\"},{\"@type\":\"Organization\",\"@id\":\"https:\/\/cargoflex.com.pe\/blog\/#organization\",\"name\":\"CARGOFLEX\",\"url\":\"https:\/\/cargoflex.com.pe\/blog\/\",\"logo\":{\"@type\":\"ImageObject\",\"inLanguage\":\"es\",\"@id\":\"https:\/\/cargoflex.com.pe\/blog\/#\/schema\/logo\/image\/\",\"url\":\"https:\/\/cargoflex.com.pe\/blog\/wp-content\/uploads\/2023\/07\/cropped-logo-cargoflex-1.png\",\"contentUrl\":\"https:\/\/cargoflex.com.pe\/blog\/wp-content\/uploads\/2023\/07\/cropped-logo-cargoflex-1.png\",\"width\":413,\"height\":126,\"caption\":\"CARGOFLEX\"},\"image\":{\"@id\":\"https:\/\/cargoflex.com.pe\/blog\/#\/schema\/logo\/image\/\"}}]}<\/script>\n<!-- \/ Yoast SEO plugin. -->","yoast_head_json":{"title":"Nosotros","robots":{"index":"index","follow":"follow","max-snippet":"max-snippet:-1","max-image-preview":"max-image-preview:large","max-video-preview":"max-video-preview:-1"},"canonical":"https:\/\/cargoflex.com.pe\/blog\/nosotros\/","og_locale":"es_ES","og_type":"article","og_title":"Nosotros","og_description":"Somos una empresa 100% peruana, especializada en la integraci\u00f3n y ejecuci\u00f3n de manera\u00a0FLEXIBLE Y EFICIENTE\u00a0de operaciones log\u00edsticas orientadas al comercio Internacional. Contamos con un equipo de expertos lo cual garantiza que las operaciones de nuestros clientes se manejen de manera segura, buscando en todo momento cumplir con los acuerdos de nivel de servicio establecidos por [&hellip;]","og_url":"https:\/\/cargoflex.com.pe\/blog\/nosotros\/","og_site_name":"CARGOFLEX","article_modified_time":"2024-11-11T02:19:53+00:00","og_image":[{"width":1600,"height":500,"url":"https:\/\/cargoflex.com.pe\/blog\/wp-content\/uploads\/2021\/03\/cargoflex-slider1.jpg","type":"image\/jpeg"}],"twitter_card":"summary_large_image","twitter_misc":{"Tiempo de lectura":"2 minutos"},"schema":{"@context":"https:\/\/schema.org","@graph":[{"@type":"WebPage","@id":"https:\/\/cargoflex.com.pe\/blog\/nosotros\/","url":"https:\/\/cargoflex.com.pe\/blog\/nosotros\/","name":"Nosotros","isPartOf":{"@id":"https:\/\/cargoflex.com.pe\/blog\/#website"},"primaryImageOfPage":{"@id":"https:\/\/cargoflex.com.pe\/blog\/nosotros\/#primaryimage"},"image":{"@id":"https:\/\/cargoflex.com.pe\/blog\/nosotros\/#primaryimage"},"thumbnailUrl":"https:\/\/cargoflex.com.pe\/blog\/wp-content\/uploads\/2021\/03\/cargoflex-slider1-1024x320.jpg","datePublished":"2021-03-03T17:32:48+00:00","dateModified":"2024-11-11T02:19:53+00:00","inLanguage":"es","potentialAction":[{"@type":"ReadAction","target":["https:\/\/cargoflex.com.pe\/blog\/nosotros\/"]}]},{"@type":"ImageObject","inLanguage":"es","@id":"https:\/\/cargoflex.com.pe\/blog\/nosotros\/#primaryimage","url":"https:\/\/cargoflex.com.pe\/blog\/wp-content\/uploads\/2021\/03\/cargoflex-slider1.jpg","contentUrl":"https:\/\/cargoflex.com.pe\/blog\/wp-content\/uploads\/2021\/03\/cargoflex-slider1.jpg","width":1600,"height":500},{"@type":"WebSite","@id":"https:\/\/cargoflex.com.pe\/blog\/#website","url":"https:\/\/cargoflex.com.pe\/blog\/","name":"CARGOFLEX","description":"mpresa de servicios log\u00edsticos internacionales, especializada en operaciones de comercio exterior con enfoque flexible, eficiente y personalizado. Con oficinas en Per\u00fa, Estados Unidos y Espa\u00f1a, gestionamos tus env\u00edos bajo un mismo est\u00e1ndar de calidad","publisher":{"@id":"https:\/\/cargoflex.com.pe\/blog\/#organization"},"potentialAction":[{"@type":"SearchAction","target":{"@type":"EntryPoint","urlTemplate":"https:\/\/cargoflex.com.pe\/blog\/?s={search_term_string}"},"query-input":{"@type":"PropertyValueSpecification","valueRequired":true,"valueName":"search_term_string"}}],"inLanguage":"es"},{"@type":"Organization","@id":"https:\/\/cargoflex.com.pe\/blog\/#organization","name":"CARGOFLEX","url":"https:\/\/cargoflex.com.pe\/blog\/","logo":{"@type":"ImageObject","inLanguage":"es","@id":"https:\/\/cargoflex.com.pe\/blog\/#\/schema\/logo\/image\/","url":"https:\/\/cargoflex.com.pe\/blog\/wp-content\/uploads\/2023\/07\/cropped-logo-cargoflex-1.png","contentUrl":"https:\/\/cargoflex.com.pe\/blog\/wp-content\/uploads\/2023\/07\/cropped-logo-cargoflex-1.png","width":413,"height":126,"caption":"CARGOFLEX"},"image":{"@id":"https:\/\/cargoflex.com.pe\/blog\/#\/schema\/logo\/image\/"}}]}},"_links":{"self":[{"href":"https:\/\/cargoflex.com.pe\/blog\/wp-json\/wp\/v2\/pages\/2","targetHints":{"allow":["GET"]}}],"collection":[{"href":"https:\/\/cargoflex.com.pe\/blog\/wp-json\/wp\/v2\/pages"}],"about":[{"href":"https:\/\/cargoflex.com.pe\/blog\/wp-json\/wp\/v2\/types\/page"}],"author":[{"embeddable":true,"href":"https:\/\/cargoflex.com.pe\/blog\/wp-json\/wp\/v2\/users\/1"}],"replies":[{"embeddable":true,"href":"https:\/\/cargoflex.com.pe\/blog\/wp-json\/wp\/v2\/comments?post=2"}],"version-history":[{"count":34,"href":"https:\/\/cargoflex.com.pe\/blog\/wp-json\/wp\/v2\/pages\/2\/revisions"}],"predecessor-version":[{"id":1104,"href":"https:\/\/cargoflex.com.pe\/blog\/wp-json\/wp\/v2\/pages\/2\/revisions\/1104"}],"wp:attachment":[{"href":"https:\/\/cargoflex.com.pe\/blog\/wp-json\/wp\/v2\/media?parent=2"}],"curies":[{"name":"wp","href":"https:\/\/api.w.org\/{rel}","templated":true}]}}