{"id":349,"date":"2021-03-15T02:36:15","date_gmt":"2021-03-15T02:36:15","guid":{"rendered":"http:\/\/www.cargoflex.com.pe\/blog?page_id=349"},"modified":"2021-05-18T04:12:20","modified_gmt":"2021-05-18T04:12:20","slug":"flex-transportes","status":"publish","type":"page","link":"https:\/\/cargoflex.com.pe\/blog\/servicios-cargoflex\/flex-transportes\/","title":{"rendered":"Flex Transportes"},"content":{"rendered":"\t\t<div data-elementor-type=\"wp-page\" data-elementor-id=\"349\" class=\"elementor elementor-349\">\n\t\t\t\t\t\t\t\t\t<section class=\"elementor-section elementor-top-section elementor-element elementor-element-238826b2 elementor-section-boxed elementor-section-height-default elementor-section-height-default\" data-id=\"238826b2\" data-element_type=\"section\">\n\t\t\t\t\t\t<div class=\"elementor-container elementor-column-gap-default\">\n\t\t\t\t\t<div class=\"elementor-column elementor-col-100 elementor-top-column elementor-element elementor-element-7b4df842\" data-id=\"7b4df842\" data-element_type=\"column\">\n\t\t\t<div class=\"elementor-widget-wrap elementor-element-populated\">\n\t\t\t\t\t\t\t\t<div class=\"elementor-element elementor-element-b515323 elementor-invisible elementor-widget elementor-widget-image\" data-id=\"b515323\" data-element_type=\"widget\" data-settings=\"{&quot;_animation&quot;:&quot;fadeInRight&quot;}\" data-widget_type=\"image.default\">\n\t\t\t\t<div class=\"elementor-widget-container\">\n\t\t\t\t\t\t\t\t\t\t\t\t\t\t\t<img loading=\"lazy\" decoding=\"async\" width=\"1920\" height=\"700\" src=\"https:\/\/cargoflex.com.pe\/blog\/wp-content\/uploads\/2021\/03\/Flex-TRANSPORTES.jpg\" class=\"attachment-full size-full wp-image-460\" alt=\"\" srcset=\"https:\/\/cargoflex.com.pe\/blog\/wp-content\/uploads\/2021\/03\/Flex-TRANSPORTES.jpg 1920w, https:\/\/cargoflex.com.pe\/blog\/wp-content\/uploads\/2021\/03\/Flex-TRANSPORTES-300x109.jpg 300w, https:\/\/cargoflex.com.pe\/blog\/wp-content\/uploads\/2021\/03\/Flex-TRANSPORTES-1024x373.jpg 1024w, https:\/\/cargoflex.com.pe\/blog\/wp-content\/uploads\/2021\/03\/Flex-TRANSPORTES-768x280.jpg 768w, https:\/\/cargoflex.com.pe\/blog\/wp-content\/uploads\/2021\/03\/Flex-TRANSPORTES-1536x560.jpg 1536w\" sizes=\"auto, (max-width: 1920px) 100vw, 1920px\" \/>\t\t\t\t\t\t\t\t\t\t\t\t\t\t\t<\/div>\n\t\t\t\t<\/div>\n\t\t\t\t<div class=\"elementor-element elementor-element-f163133 elementor-invisible elementor-widget elementor-widget-image\" data-id=\"f163133\" data-element_type=\"widget\" data-settings=\"{&quot;_animation&quot;:&quot;fadeInLeft&quot;}\" data-widget_type=\"image.default\">\n\t\t\t\t<div class=\"elementor-widget-container\">\n\t\t\t\t\t\t\t\t\t\t\t\t\t\t\t<img decoding=\"async\" src=\"https:\/\/cargoflex.com.pe\/blog\/wp-content\/uploads\/elementor\/thumbs\/FLEX-TRANSPORTE-p48lgz9hy5v8jfpuh9ksisse3wfdkpi5ho0rhl0yaa.jpg\" title=\"FLEX-TRANSPORTE\" alt=\"FLEX-TRANSPORTE\" loading=\"lazy\" \/>\t\t\t\t\t\t\t\t\t\t\t\t\t\t\t<\/div>\n\t\t\t\t<\/div>\n\t\t\t\t<div class=\"elementor-element elementor-element-0ee1d05 elementor-widget elementor-widget-spacer\" data-id=\"0ee1d05\" data-element_type=\"widget\" data-widget_type=\"spacer.default\">\n\t\t\t\t<div class=\"elementor-widget-container\">\n\t\t\t\t\t<div class=\"elementor-spacer\">\n\t\t\t<div class=\"elementor-spacer-inner\"><\/div>\n\t\t<\/div>\n\t\t\t\t<\/div>\n\t\t\t\t<\/div>\n\t\t\t\t\t<\/div>\n\t\t<\/div>\n\t\t\t\t\t\t\t<\/div>\n\t\t<\/section>\n\t\t\t\t<section class=\"elementor-section elementor-top-section elementor-element elementor-element-8c41df9 elementor-section-boxed elementor-section-height-default elementor-section-height-default\" data-id=\"8c41df9\" data-element_type=\"section\">\n\t\t\t\t\t\t<div class=\"elementor-container elementor-column-gap-default\">\n\t\t\t\t\t<div class=\"elementor-column elementor-col-100 elementor-top-column elementor-element elementor-element-e6983bc\" data-id=\"e6983bc\" data-element_type=\"column\">\n\t\t\t<div class=\"elementor-widget-wrap elementor-element-populated\">\n\t\t\t\t\t\t\t\t<div class=\"elementor-element elementor-element-2267109 elementor-widget elementor-widget-heading\" data-id=\"2267109\" data-element_type=\"widget\" data-widget_type=\"heading.default\">\n\t\t\t\t<div class=\"elementor-widget-container\">\n\t\t\t<h1 class=\"elementor-heading-title elementor-size-default\">Servicio de Transporte<\/h1>\t\t<\/div>\n\t\t\t\t<\/div>\n\t\t\t\t<div class=\"elementor-element elementor-element-a30fb08 elementor-widget-divider--view-line elementor-widget elementor-widget-divider\" data-id=\"a30fb08\" data-element_type=\"widget\" data-widget_type=\"divider.default\">\n\t\t\t\t<div class=\"elementor-widget-container\">\n\t\t\t\t\t<div class=\"elementor-divider\">\n\t\t\t<span class=\"elementor-divider-separator\">\n\t\t\t\t\t\t<\/span>\n\t\t<\/div>\n\t\t\t\t<\/div>\n\t\t\t\t<\/div>\n\t\t\t\t<div class=\"elementor-element elementor-element-05851b8 elementor-widget elementor-widget-text-editor\" data-id=\"05851b8\" data-element_type=\"widget\" data-widget_type=\"text-editor.default\">\n\t\t\t\t<div class=\"elementor-widget-container\">\n\t\t\t\t\t\t\t<h3>Servicio de Carga full o consolidada, Servicio Internacional, Transportes Especiales.<\/h3>\t\t\t\t\t\t<\/div>\n\t\t\t\t<\/div>\n\t\t\t\t<div class=\"elementor-element elementor-element-dd13d2b elementor-widget elementor-widget-text-editor\" data-id=\"dd13d2b\" data-element_type=\"widget\" data-widget_type=\"text-editor.default\">\n\t\t\t\t<div class=\"elementor-widget-container\">\n\t\t\t\t\t\t\t<p><span class=\"fs13 cf2 ff2 cb1\"><img decoding=\"async\" class=\"image-2 fleft\" title=\"\" src=\"https:\/\/www.cargocorp.cl\/images\/trucking.jpg\" alt=\"\" \/><\/span><span class=\"fs16 cf1 ff1 cb1\">\u2022 \u00a0\u00a0Servicio Nacional e Internacional.<br \/>\u2022 \u00a0\u00a0Servicio para carga full o consolidada.<br \/>\u2022 \u00a0\u00a0Transportes Especiales.<br \/>\u2022 \u00a0\u00a0Salidas programadas.<br \/>\u2022 \u00a0\u00a0Carga General.<br \/>\u2022 \u00a0\u00a0Documentaci\u00f3n. (fitosanitario, certificado de origen, legalizaciones, etc).<br \/>\u2022 \u00a0\u00a0Seguros.<\/span><\/p>\t\t\t\t\t\t<\/div>\n\t\t\t\t<\/div>\n\t\t\t\t<div class=\"elementor-element elementor-element-7ff3119 elementor-widget elementor-widget-spacer\" data-id=\"7ff3119\" data-element_type=\"widget\" data-widget_type=\"spacer.default\">\n\t\t\t\t<div class=\"elementor-widget-container\">\n\t\t\t\t\t<div class=\"elementor-spacer\">\n\t\t\t<div class=\"elementor-spacer-inner\"><\/div>\n\t\t<\/div>\n\t\t\t\t<\/div>\n\t\t\t\t<\/div>\n\t\t\t\t\t<\/div>\n\t\t<\/div>\n\t\t\t\t\t\t\t<\/div>\n\t\t<\/section>\n\t\t\t\t<section class=\"elementor-section elementor-top-section elementor-element elementor-element-fb1b9b2 elementor-section-boxed elementor-section-height-default elementor-section-height-default\" data-id=\"fb1b9b2\" data-element_type=\"section\">\n\t\t\t\t\t\t<div class=\"elementor-container elementor-column-gap-default\">\n\t\t\t\t\t<div class=\"elementor-column elementor-col-33 elementor-top-column elementor-element elementor-element-18bcc89\" data-id=\"18bcc89\" data-element_type=\"column\">\n\t\t\t<div class=\"elementor-widget-wrap elementor-element-populated\">\n\t\t\t\t\t\t\t\t<div class=\"elementor-element elementor-element-254a390 elementor-invisible elementor-widget elementor-widget-image\" data-id=\"254a390\" data-element_type=\"widget\" data-settings=\"{&quot;_animation&quot;:&quot;zoomIn&quot;}\" data-widget_type=\"image.default\">\n\t\t\t\t<div class=\"elementor-widget-container\">\n\t\t\t\t\t\t\t\t\t\t\t\t\t\t\t<img loading=\"lazy\" decoding=\"async\" width=\"450\" height=\"300\" src=\"https:\/\/cargoflex.com.pe\/blog\/wp-content\/uploads\/2021\/03\/transportes-1.jpg\" class=\"attachment-large size-large wp-image-475\" alt=\"\" srcset=\"https:\/\/cargoflex.com.pe\/blog\/wp-content\/uploads\/2021\/03\/transportes-1.jpg 450w, https:\/\/cargoflex.com.pe\/blog\/wp-content\/uploads\/2021\/03\/transportes-1-300x200.jpg 300w\" sizes=\"auto, (max-width: 450px) 100vw, 450px\" \/>\t\t\t\t\t\t\t\t\t\t\t\t\t\t\t<\/div>\n\t\t\t\t<\/div>\n\t\t\t\t\t<\/div>\n\t\t<\/div>\n\t\t\t\t<div class=\"elementor-column elementor-col-33 elementor-top-column elementor-element elementor-element-81d046c\" data-id=\"81d046c\" data-element_type=\"column\">\n\t\t\t<div class=\"elementor-widget-wrap elementor-element-populated\">\n\t\t\t\t\t\t\t\t<div class=\"elementor-element elementor-element-b535cf6 elementor-invisible elementor-widget elementor-widget-image\" data-id=\"b535cf6\" data-element_type=\"widget\" data-settings=\"{&quot;_animation&quot;:&quot;zoomIn&quot;}\" data-widget_type=\"image.default\">\n\t\t\t\t<div class=\"elementor-widget-container\">\n\t\t\t\t\t\t\t\t\t\t\t\t\t\t\t<img loading=\"lazy\" decoding=\"async\" width=\"450\" height=\"300\" src=\"https:\/\/cargoflex.com.pe\/blog\/wp-content\/uploads\/2021\/03\/transportes-2.jpg\" class=\"attachment-large size-large wp-image-476\" alt=\"\" srcset=\"https:\/\/cargoflex.com.pe\/blog\/wp-content\/uploads\/2021\/03\/transportes-2.jpg 450w, https:\/\/cargoflex.com.pe\/blog\/wp-content\/uploads\/2021\/03\/transportes-2-300x200.jpg 300w\" sizes=\"auto, (max-width: 450px) 100vw, 450px\" \/>\t\t\t\t\t\t\t\t\t\t\t\t\t\t\t<\/div>\n\t\t\t\t<\/div>\n\t\t\t\t\t<\/div>\n\t\t<\/div>\n\t\t\t\t<div class=\"elementor-column elementor-col-33 elementor-top-column elementor-element elementor-element-c65050b\" data-id=\"c65050b\" data-element_type=\"column\">\n\t\t\t<div class=\"elementor-widget-wrap elementor-element-populated\">\n\t\t\t\t\t\t\t\t<div class=\"elementor-element elementor-element-63c62fe elementor-invisible elementor-widget elementor-widget-image\" data-id=\"63c62fe\" data-element_type=\"widget\" data-settings=\"{&quot;_animation&quot;:&quot;zoomIn&quot;}\" data-widget_type=\"image.default\">\n\t\t\t\t<div class=\"elementor-widget-container\">\n\t\t\t\t\t\t\t\t\t\t\t\t\t\t\t<img loading=\"lazy\" decoding=\"async\" width=\"450\" height=\"300\" src=\"https:\/\/cargoflex.com.pe\/blog\/wp-content\/uploads\/2021\/03\/transportes-3.jpg\" class=\"attachment-large size-large wp-image-477\" alt=\"\" srcset=\"https:\/\/cargoflex.com.pe\/blog\/wp-content\/uploads\/2021\/03\/transportes-3.jpg 450w, https:\/\/cargoflex.com.pe\/blog\/wp-content\/uploads\/2021\/03\/transportes-3-300x200.jpg 300w\" sizes=\"auto, (max-width: 450px) 100vw, 450px\" \/>\t\t\t\t\t\t\t\t\t\t\t\t\t\t\t<\/div>\n\t\t\t\t<\/div>\n\t\t\t\t\t<\/div>\n\t\t<\/div>\n\t\t\t\t\t\t\t<\/div>\n\t\t<\/section>\n\t\t\t\t<section class=\"elementor-section elementor-top-section elementor-element elementor-element-744298c elementor-section-boxed elementor-section-height-default elementor-section-height-default\" data-id=\"744298c\" data-element_type=\"section\">\n\t\t\t\t\t\t<div class=\"elementor-container elementor-column-gap-default\">\n\t\t\t\t\t<div class=\"elementor-column elementor-col-100 elementor-top-column elementor-element elementor-element-e5823e3\" data-id=\"e5823e3\" data-element_type=\"column\">\n\t\t\t<div class=\"elementor-widget-wrap elementor-element-populated\">\n\t\t\t\t\t\t\t\t<div class=\"elementor-element elementor-element-d437fe8 elementor-widget elementor-widget-text-editor\" data-id=\"d437fe8\" data-element_type=\"widget\" data-widget_type=\"text-editor.default\">\n\t\t\t\t<div class=\"elementor-widget-container\">\n\t\t\t\t\t\t\t<p>CargoFlex es una empresa 100% peruana, especializada en la integraci\u00f3n y ejecuci\u00f3n de manera\u00a0<strong>FLEXIBLE Y EFICIENTE<\/strong>\u00a0de operaciones log\u00edsticas orientadas al comercio Internacional.<\/p>\t\t\t\t\t\t<\/div>\n\t\t\t\t<\/div>\n\t\t\t\t<div class=\"elementor-element elementor-element-c22c4db elementor-widget elementor-widget-spacer\" data-id=\"c22c4db\" data-element_type=\"widget\" data-widget_type=\"spacer.default\">\n\t\t\t\t<div class=\"elementor-widget-container\">\n\t\t\t\t\t<div class=\"elementor-spacer\">\n\t\t\t<div class=\"elementor-spacer-inner\"><\/div>\n\t\t<\/div>\n\t\t\t\t<\/div>\n\t\t\t\t<\/div>\n\t\t\t\t\t<\/div>\n\t\t<\/div>\n\t\t\t\t\t\t\t<\/div>\n\t\t<\/section>\n\t\t\t\t<section class=\"elementor-section elementor-top-section elementor-element elementor-element-7a802c9 elementor-section-boxed elementor-section-height-default elementor-section-height-default\" data-id=\"7a802c9\" data-element_type=\"section\">\n\t\t\t\t\t\t<div class=\"elementor-container elementor-column-gap-default\">\n\t\t\t\t\t<div class=\"elementor-column elementor-col-100 elementor-top-column elementor-element elementor-element-e1f1729\" data-id=\"e1f1729\" data-element_type=\"column\">\n\t\t\t<div class=\"elementor-widget-wrap elementor-element-populated\">\n\t\t\t\t\t\t\t\t<div class=\"elementor-element elementor-element-f00a1cd elementor-widget elementor-widget-button\" data-id=\"f00a1cd\" data-element_type=\"widget\" data-widget_type=\"button.default\">\n\t\t\t\t<div class=\"elementor-widget-container\">\n\t\t\t\t\t<div class=\"elementor-button-wrapper\">\n\t\t\t<a class=\"elementor-button elementor-button-link elementor-size-sm elementor-animation-pulse\" href=\"https:\/\/cargoflex.com.pe\/blog\/contacto\/\">\n\t\t\t\t\t\t<span class=\"elementor-button-content-wrapper\">\n\t\t\t\t\t\t<span class=\"elementor-button-text\">Cotiza Aqu\u00ed<\/span>\n\t\t<\/span>\n\t\t\t\t\t<\/a>\n\t\t<\/div>\n\t\t\t\t<\/div>\n\t\t\t\t<\/div>\n\t\t\t\t\t<\/div>\n\t\t<\/div>\n\t\t\t\t\t\t\t<\/div>\n\t\t<\/section>\n\t\t\t\t\t\t\t<\/div>\n\t\t","protected":false},"excerpt":{"rendered":"<p>Servicio de Transporte Servicio de Carga full o consolidada, Servicio Internacional, Transportes Especiales. \u2022 \u00a0\u00a0Servicio Nacional e Internacional.\u2022 \u00a0\u00a0Servicio para carga full o consolidada.\u2022 \u00a0\u00a0Transportes Especiales.\u2022 \u00a0\u00a0Salidas programadas.\u2022 \u00a0\u00a0Carga General.\u2022 \u00a0\u00a0Documentaci\u00f3n. (fitosanitario, certificado de origen, legalizaciones, etc).\u2022 \u00a0\u00a0Seguros. CargoFlex es una empresa 100% peruana, especializada en la integraci\u00f3n y ejecuci\u00f3n de manera\u00a0FLEXIBLE Y EFICIENTE\u00a0de operaciones [&hellip;]<\/p>\n","protected":false},"author":1,"featured_media":266,"parent":377,"menu_order":0,"comment_status":"closed","ping_status":"closed","template":"","meta":{"_joinchat":{"view":"yes"},"footnotes":""},"class_list":["post-349","page","type-page","status-publish","has-post-thumbnail","hentry"],"yoast_head":"<!-- This site is optimized with the Yoast SEO plugin v24.9 - https:\/\/yoast.com\/wordpress\/plugins\/seo\/ -->\n<title>Transportes<\/title>\n<meta name=\"robots\" content=\"index, follow, max-snippet:-1, max-image-preview:large, max-video-preview:-1\" \/>\n<link rel=\"canonical\" href=\"https:\/\/cargoflex.com.pe\/blog\/servicios-cargoflex\/flex-transportes\/\" \/>\n<meta property=\"og:locale\" content=\"es_ES\" \/>\n<meta property=\"og:type\" content=\"article\" \/>\n<meta property=\"og:title\" content=\"Transportes\" \/>\n<meta property=\"og:description\" content=\"Servicio de Transporte Servicio de Carga full o consolidada, Servicio Internacional, Transportes Especiales. \u2022 \u00a0\u00a0Servicio Nacional e Internacional.\u2022 \u00a0\u00a0Servicio para carga full o consolidada.\u2022 \u00a0\u00a0Transportes Especiales.\u2022 \u00a0\u00a0Salidas programadas.\u2022 \u00a0\u00a0Carga General.\u2022 \u00a0\u00a0Documentaci\u00f3n. (fitosanitario, certificado de origen, legalizaciones, etc).\u2022 \u00a0\u00a0Seguros. CargoFlex es una empresa 100% peruana, especializada en la integraci\u00f3n y ejecuci\u00f3n de manera\u00a0FLEXIBLE Y EFICIENTE\u00a0de operaciones [&hellip;]\" \/>\n<meta property=\"og:url\" content=\"https:\/\/cargoflex.com.pe\/blog\/servicios-cargoflex\/flex-transportes\/\" \/>\n<meta property=\"og:site_name\" content=\"CARGOFLEX\" \/>\n<meta property=\"article:modified_time\" content=\"2021-05-18T04:12:20+00:00\" \/>\n<meta property=\"og:image\" content=\"https:\/\/cargoflex.com.pe\/blog\/wp-content\/uploads\/2021\/03\/FLEX-FORWARDING-1.jpg\" \/>\n\t<meta property=\"og:image:width\" content=\"1600\" \/>\n\t<meta property=\"og:image:height\" content=\"500\" \/>\n\t<meta property=\"og:image:type\" content=\"image\/jpeg\" \/>\n<meta name=\"twitter:card\" content=\"summary_large_image\" \/>\n<meta name=\"twitter:label1\" content=\"Tiempo de lectura\" \/>\n\t<meta name=\"twitter:data1\" content=\"2 minutos\" \/>\n<script type=\"application\/ld+json\" class=\"yoast-schema-graph\">{\"@context\":\"https:\/\/schema.org\",\"@graph\":[{\"@type\":\"WebPage\",\"@id\":\"https:\/\/cargoflex.com.pe\/blog\/servicios-cargoflex\/flex-transportes\/\",\"url\":\"https:\/\/cargoflex.com.pe\/blog\/servicios-cargoflex\/flex-transportes\/\",\"name\":\"Transportes\",\"isPartOf\":{\"@id\":\"https:\/\/cargoflex.com.pe\/blog\/#website\"},\"primaryImageOfPage\":{\"@id\":\"https:\/\/cargoflex.com.pe\/blog\/servicios-cargoflex\/flex-transportes\/#primaryimage\"},\"image\":{\"@id\":\"https:\/\/cargoflex.com.pe\/blog\/servicios-cargoflex\/flex-transportes\/#primaryimage\"},\"thumbnailUrl\":\"https:\/\/cargoflex.com.pe\/blog\/wp-content\/uploads\/2021\/03\/FLEX-FORWARDING-1.jpg\",\"datePublished\":\"2021-03-15T02:36:15+00:00\",\"dateModified\":\"2021-05-18T04:12:20+00:00\",\"breadcrumb\":{\"@id\":\"https:\/\/cargoflex.com.pe\/blog\/servicios-cargoflex\/flex-transportes\/#breadcrumb\"},\"inLanguage\":\"es\",\"potentialAction\":[{\"@type\":\"ReadAction\",\"target\":[\"https:\/\/cargoflex.com.pe\/blog\/servicios-cargoflex\/flex-transportes\/\"]}]},{\"@type\":\"ImageObject\",\"inLanguage\":\"es\",\"@id\":\"https:\/\/cargoflex.com.pe\/blog\/servicios-cargoflex\/flex-transportes\/#primaryimage\",\"url\":\"https:\/\/cargoflex.com.pe\/blog\/wp-content\/uploads\/2021\/03\/FLEX-FORWARDING-1.jpg\",\"contentUrl\":\"https:\/\/cargoflex.com.pe\/blog\/wp-content\/uploads\/2021\/03\/FLEX-FORWARDING-1.jpg\",\"width\":1600,\"height\":500},{\"@type\":\"BreadcrumbList\",\"@id\":\"https:\/\/cargoflex.com.pe\/blog\/servicios-cargoflex\/flex-transportes\/#breadcrumb\",\"itemListElement\":[{\"@type\":\"ListItem\",\"position\":1,\"name\":\"Servicios Cargoflex\",\"item\":\"https:\/\/cargoflex.com.pe\/blog\/servicios-cargoflex\/\"},{\"@type\":\"ListItem\",\"position\":2,\"name\":\"Flex Transportes\"}]},{\"@type\":\"WebSite\",\"@id\":\"https:\/\/cargoflex.com.pe\/blog\/#website\",\"url\":\"https:\/\/cargoflex.com.pe\/blog\/\",\"name\":\"CARGOFLEX\",\"description\":\"mpresa de servicios log\u00edsticos internacionales, especializada en operaciones de comercio exterior con enfoque flexible, eficiente y personalizado. Con oficinas en Per\u00fa, Estados Unidos y Espa\u00f1a, gestionamos tus env\u00edos bajo un mismo est\u00e1ndar de calidad\",\"publisher\":{\"@id\":\"https:\/\/cargoflex.com.pe\/blog\/#organization\"},\"potentialAction\":[{\"@type\":\"SearchAction\",\"target\":{\"@type\":\"EntryPoint\",\"urlTemplate\":\"https:\/\/cargoflex.com.pe\/blog\/?s={search_term_string}\"},\"query-input\":{\"@type\":\"PropertyValueSpecification\",\"valueRequired\":true,\"valueName\":\"search_term_string\"}}],\"inLanguage\":\"es\"},{\"@type\":\"Organization\",\"@id\":\"https:\/\/cargoflex.com.pe\/blog\/#organization\",\"name\":\"CARGOFLEX\",\"url\":\"https:\/\/cargoflex.com.pe\/blog\/\",\"logo\":{\"@type\":\"ImageObject\",\"inLanguage\":\"es\",\"@id\":\"https:\/\/cargoflex.com.pe\/blog\/#\/schema\/logo\/image\/\",\"url\":\"https:\/\/cargoflex.com.pe\/blog\/wp-content\/uploads\/2023\/07\/cropped-logo-cargoflex-1.png\",\"contentUrl\":\"https:\/\/cargoflex.com.pe\/blog\/wp-content\/uploads\/2023\/07\/cropped-logo-cargoflex-1.png\",\"width\":413,\"height\":126,\"caption\":\"CARGOFLEX\"},\"image\":{\"@id\":\"https:\/\/cargoflex.com.pe\/blog\/#\/schema\/logo\/image\/\"}}]}<\/script>\n<!-- \/ Yoast SEO plugin. -->","yoast_head_json":{"title":"Transportes","robots":{"index":"index","follow":"follow","max-snippet":"max-snippet:-1","max-image-preview":"max-image-preview:large","max-video-preview":"max-video-preview:-1"},"canonical":"https:\/\/cargoflex.com.pe\/blog\/servicios-cargoflex\/flex-transportes\/","og_locale":"es_ES","og_type":"article","og_title":"Transportes","og_description":"Servicio de Transporte Servicio de Carga full o consolidada, Servicio Internacional, Transportes Especiales. \u2022 \u00a0\u00a0Servicio Nacional e Internacional.\u2022 \u00a0\u00a0Servicio para carga full o consolidada.\u2022 \u00a0\u00a0Transportes Especiales.\u2022 \u00a0\u00a0Salidas programadas.\u2022 \u00a0\u00a0Carga General.\u2022 \u00a0\u00a0Documentaci\u00f3n. (fitosanitario, certificado de origen, legalizaciones, etc).\u2022 \u00a0\u00a0Seguros. CargoFlex es una empresa 100% peruana, especializada en la integraci\u00f3n y ejecuci\u00f3n de manera\u00a0FLEXIBLE Y EFICIENTE\u00a0de operaciones [&hellip;]","og_url":"https:\/\/cargoflex.com.pe\/blog\/servicios-cargoflex\/flex-transportes\/","og_site_name":"CARGOFLEX","article_modified_time":"2021-05-18T04:12:20+00:00","og_image":[{"width":1600,"height":500,"url":"https:\/\/cargoflex.com.pe\/blog\/wp-content\/uploads\/2021\/03\/FLEX-FORWARDING-1.jpg","type":"image\/jpeg"}],"twitter_card":"summary_large_image","twitter_misc":{"Tiempo de lectura":"2 minutos"},"schema":{"@context":"https:\/\/schema.org","@graph":[{"@type":"WebPage","@id":"https:\/\/cargoflex.com.pe\/blog\/servicios-cargoflex\/flex-transportes\/","url":"https:\/\/cargoflex.com.pe\/blog\/servicios-cargoflex\/flex-transportes\/","name":"Transportes","isPartOf":{"@id":"https:\/\/cargoflex.com.pe\/blog\/#website"},"primaryImageOfPage":{"@id":"https:\/\/cargoflex.com.pe\/blog\/servicios-cargoflex\/flex-transportes\/#primaryimage"},"image":{"@id":"https:\/\/cargoflex.com.pe\/blog\/servicios-cargoflex\/flex-transportes\/#primaryimage"},"thumbnailUrl":"https:\/\/cargoflex.com.pe\/blog\/wp-content\/uploads\/2021\/03\/FLEX-FORWARDING-1.jpg","datePublished":"2021-03-15T02:36:15+00:00","dateModified":"2021-05-18T04:12:20+00:00","breadcrumb":{"@id":"https:\/\/cargoflex.com.pe\/blog\/servicios-cargoflex\/flex-transportes\/#breadcrumb"},"inLanguage":"es","potentialAction":[{"@type":"ReadAction","target":["https:\/\/cargoflex.com.pe\/blog\/servicios-cargoflex\/flex-transportes\/"]}]},{"@type":"ImageObject","inLanguage":"es","@id":"https:\/\/cargoflex.com.pe\/blog\/servicios-cargoflex\/flex-transportes\/#primaryimage","url":"https:\/\/cargoflex.com.pe\/blog\/wp-content\/uploads\/2021\/03\/FLEX-FORWARDING-1.jpg","contentUrl":"https:\/\/cargoflex.com.pe\/blog\/wp-content\/uploads\/2021\/03\/FLEX-FORWARDING-1.jpg","width":1600,"height":500},{"@type":"BreadcrumbList","@id":"https:\/\/cargoflex.com.pe\/blog\/servicios-cargoflex\/flex-transportes\/#breadcrumb","itemListElement":[{"@type":"ListItem","position":1,"name":"Servicios Cargoflex","item":"https:\/\/cargoflex.com.pe\/blog\/servicios-cargoflex\/"},{"@type":"ListItem","position":2,"name":"Flex Transportes"}]},{"@type":"WebSite","@id":"https:\/\/cargoflex.com.pe\/blog\/#website","url":"https:\/\/cargoflex.com.pe\/blog\/","name":"CARGOFLEX","description":"mpresa de servicios log\u00edsticos internacionales, especializada en operaciones de comercio exterior con enfoque flexible, eficiente y personalizado. Con oficinas en Per\u00fa, Estados Unidos y Espa\u00f1a, gestionamos tus env\u00edos bajo un mismo est\u00e1ndar de calidad","publisher":{"@id":"https:\/\/cargoflex.com.pe\/blog\/#organization"},"potentialAction":[{"@type":"SearchAction","target":{"@type":"EntryPoint","urlTemplate":"https:\/\/cargoflex.com.pe\/blog\/?s={search_term_string}"},"query-input":{"@type":"PropertyValueSpecification","valueRequired":true,"valueName":"search_term_string"}}],"inLanguage":"es"},{"@type":"Organization","@id":"https:\/\/cargoflex.com.pe\/blog\/#organization","name":"CARGOFLEX","url":"https:\/\/cargoflex.com.pe\/blog\/","logo":{"@type":"ImageObject","inLanguage":"es","@id":"https:\/\/cargoflex.com.pe\/blog\/#\/schema\/logo\/image\/","url":"https:\/\/cargoflex.com.pe\/blog\/wp-content\/uploads\/2023\/07\/cropped-logo-cargoflex-1.png","contentUrl":"https:\/\/cargoflex.com.pe\/blog\/wp-content\/uploads\/2023\/07\/cropped-logo-cargoflex-1.png","width":413,"height":126,"caption":"CARGOFLEX"},"image":{"@id":"https:\/\/cargoflex.com.pe\/blog\/#\/schema\/logo\/image\/"}}]}},"_links":{"self":[{"href":"https:\/\/cargoflex.com.pe\/blog\/wp-json\/wp\/v2\/pages\/349","targetHints":{"allow":["GET"]}}],"collection":[{"href":"https:\/\/cargoflex.com.pe\/blog\/wp-json\/wp\/v2\/pages"}],"about":[{"href":"https:\/\/cargoflex.com.pe\/blog\/wp-json\/wp\/v2\/types\/page"}],"author":[{"embeddable":true,"href":"https:\/\/cargoflex.com.pe\/blog\/wp-json\/wp\/v2\/users\/1"}],"replies":[{"embeddable":true,"href":"https:\/\/cargoflex.com.pe\/blog\/wp-json\/wp\/v2\/comments?post=349"}],"version-history":[{"count":38,"href":"https:\/\/cargoflex.com.pe\/blog\/wp-json\/wp\/v2\/pages\/349\/revisions"}],"predecessor-version":[{"id":560,"href":"https:\/\/cargoflex.com.pe\/blog\/wp-json\/wp\/v2\/pages\/349\/revisions\/560"}],"up":[{"embeddable":true,"href":"https:\/\/cargoflex.com.pe\/blog\/wp-json\/wp\/v2\/pages\/377"}],"wp:featuredmedia":[{"embeddable":true,"href":"https:\/\/cargoflex.com.pe\/blog\/wp-json\/wp\/v2\/media\/266"}],"wp:attachment":[{"href":"https:\/\/cargoflex.com.pe\/blog\/wp-json\/wp\/v2\/media?parent=349"}],"curies":[{"name":"wp","href":"https:\/\/api.w.org\/{rel}","templated":true}]}}