{"id":82,"date":"2021-03-04T02:52:48","date_gmt":"2021-03-04T02:52:48","guid":{"rendered":"http:\/\/www.cargoflex.com.pe\/blog?page_id=82"},"modified":"2021-05-18T03:15:50","modified_gmt":"2021-05-18T03:15:50","slug":"flex-aduanas","status":"publish","type":"page","link":"https:\/\/cargoflex.com.pe\/blog\/flex-aduanas\/","title":{"rendered":"Flex Aduanas"},"content":{"rendered":"\t\t<div data-elementor-type=\"wp-page\" data-elementor-id=\"82\" class=\"elementor elementor-82\">\n\t\t\t\t\t\t\t\t\t<section class=\"elementor-section elementor-top-section elementor-element elementor-element-73a1487f elementor-section-boxed elementor-section-height-default elementor-section-height-default\" data-id=\"73a1487f\" data-element_type=\"section\">\n\t\t\t\t\t\t<div class=\"elementor-container elementor-column-gap-default\">\n\t\t\t\t\t<div class=\"elementor-column elementor-col-100 elementor-top-column elementor-element elementor-element-f05b440\" data-id=\"f05b440\" data-element_type=\"column\">\n\t\t\t<div class=\"elementor-widget-wrap elementor-element-populated\">\n\t\t\t\t\t\t\t\t<div class=\"elementor-element elementor-element-23ae7f85 elementor-widget elementor-widget-text-editor\" data-id=\"23ae7f85\" data-element_type=\"widget\" data-widget_type=\"text-editor.default\">\n\t\t\t\t<div class=\"elementor-widget-container\">\n\t\t\t\t\t\t\t<!-- wp:image {\"className\":\"is-style-default\"} -->\n<figure class=\"wp-block-image is-style-default\"><img alt=\"\"\/><\/figure>\n<!-- \/wp:image -->\t\t\t\t\t\t<\/div>\n\t\t\t\t<\/div>\n\t\t\t\t\t<\/div>\n\t\t<\/div>\n\t\t\t\t\t\t\t<\/div>\n\t\t<\/section>\n\t\t\t\t<section class=\"elementor-section elementor-top-section elementor-element elementor-element-d226486 elementor-section-boxed elementor-section-height-default elementor-section-height-default\" data-id=\"d226486\" data-element_type=\"section\">\n\t\t\t\t\t\t<div class=\"elementor-container elementor-column-gap-default\">\n\t\t\t\t\t<div class=\"elementor-column elementor-col-100 elementor-top-column elementor-element elementor-element-5a91ff3\" data-id=\"5a91ff3\" data-element_type=\"column\">\n\t\t\t<div class=\"elementor-widget-wrap elementor-element-populated\">\n\t\t\t\t\t\t\t\t<div class=\"elementor-element elementor-element-66a979d elementor-invisible elementor-widget elementor-widget-image\" data-id=\"66a979d\" data-element_type=\"widget\" data-settings=\"{&quot;_animation&quot;:&quot;fadeInLeft&quot;}\" data-widget_type=\"image.default\">\n\t\t\t\t<div class=\"elementor-widget-container\">\n\t\t\t\t\t\t\t\t\t\t\t\t\t\t\t<img loading=\"lazy\" decoding=\"async\" width=\"1920\" height=\"700\" src=\"https:\/\/cargoflex.com.pe\/blog\/wp-content\/uploads\/2021\/03\/Flex-aduanas-1.jpg\" class=\"attachment-full size-full wp-image-513\" alt=\"\" srcset=\"https:\/\/cargoflex.com.pe\/blog\/wp-content\/uploads\/2021\/03\/Flex-aduanas-1.jpg 1920w, https:\/\/cargoflex.com.pe\/blog\/wp-content\/uploads\/2021\/03\/Flex-aduanas-1-300x109.jpg 300w, https:\/\/cargoflex.com.pe\/blog\/wp-content\/uploads\/2021\/03\/Flex-aduanas-1-1024x373.jpg 1024w, https:\/\/cargoflex.com.pe\/blog\/wp-content\/uploads\/2021\/03\/Flex-aduanas-1-768x280.jpg 768w, https:\/\/cargoflex.com.pe\/blog\/wp-content\/uploads\/2021\/03\/Flex-aduanas-1-1536x560.jpg 1536w\" sizes=\"auto, (max-width: 1920px) 100vw, 1920px\" \/>\t\t\t\t\t\t\t\t\t\t\t\t\t\t\t<\/div>\n\t\t\t\t<\/div>\n\t\t\t\t<div class=\"elementor-element elementor-element-e4ee0bb elementor-invisible elementor-widget elementor-widget-image\" data-id=\"e4ee0bb\" data-element_type=\"widget\" data-settings=\"{&quot;_animation&quot;:&quot;fadeInRight&quot;}\" data-widget_type=\"image.default\">\n\t\t\t\t<div class=\"elementor-widget-container\">\n\t\t\t\t\t\t\t\t\t\t\t\t\t\t\t<img decoding=\"async\" src=\"https:\/\/cargoflex.com.pe\/blog\/wp-content\/uploads\/elementor\/thumbs\/FLEX-ADUANAS-p48mv31s98ghf4xqwf9uxnly2bgqvvf21nxjfkqgni.jpg\" title=\"FLEX-ADUANAS\" alt=\"FLEX-ADUANAS\" loading=\"lazy\" \/>\t\t\t\t\t\t\t\t\t\t\t\t\t\t\t<\/div>\n\t\t\t\t<\/div>\n\t\t\t\t\t<\/div>\n\t\t<\/div>\n\t\t\t\t\t\t\t<\/div>\n\t\t<\/section>\n\t\t\t\t<section class=\"elementor-section elementor-top-section elementor-element elementor-element-3a2a330 elementor-section-boxed elementor-section-height-default elementor-section-height-default\" data-id=\"3a2a330\" data-element_type=\"section\">\n\t\t\t\t\t\t<div class=\"elementor-container elementor-column-gap-default\">\n\t\t\t\t\t<div class=\"elementor-column elementor-col-100 elementor-top-column elementor-element elementor-element-19faa10\" data-id=\"19faa10\" data-element_type=\"column\">\n\t\t\t<div class=\"elementor-widget-wrap elementor-element-populated\">\n\t\t\t\t\t\t\t\t<div class=\"elementor-element elementor-element-634df48 elementor-widget elementor-widget-spacer\" data-id=\"634df48\" data-element_type=\"widget\" data-widget_type=\"spacer.default\">\n\t\t\t\t<div class=\"elementor-widget-container\">\n\t\t\t\t\t<div class=\"elementor-spacer\">\n\t\t\t<div class=\"elementor-spacer-inner\"><\/div>\n\t\t<\/div>\n\t\t\t\t<\/div>\n\t\t\t\t<\/div>\n\t\t\t\t\t<\/div>\n\t\t<\/div>\n\t\t\t\t\t\t\t<\/div>\n\t\t<\/section>\n\t\t\t\t<section class=\"elementor-section elementor-top-section elementor-element elementor-element-641a403 elementor-section-boxed elementor-section-height-default elementor-section-height-default\" data-id=\"641a403\" data-element_type=\"section\">\n\t\t\t\t\t\t<div class=\"elementor-container elementor-column-gap-default\">\n\t\t\t\t\t<div class=\"elementor-column elementor-col-100 elementor-top-column elementor-element elementor-element-9ae7633\" data-id=\"9ae7633\" data-element_type=\"column\">\n\t\t\t<div class=\"elementor-widget-wrap elementor-element-populated\">\n\t\t\t\t\t\t\t\t<div class=\"elementor-element elementor-element-9adeec8 elementor-widget elementor-widget-heading\" data-id=\"9adeec8\" data-element_type=\"widget\" data-widget_type=\"heading.default\">\n\t\t\t\t<div class=\"elementor-widget-container\">\n\t\t\t<h2 class=\"elementor-heading-title elementor-size-default\">Agenciamiento de Aduanas<\/h2>\t\t<\/div>\n\t\t\t\t<\/div>\n\t\t\t\t<div class=\"elementor-element elementor-element-ec7bb76 elementor-widget-divider--view-line elementor-widget elementor-widget-divider\" data-id=\"ec7bb76\" data-element_type=\"widget\" data-widget_type=\"divider.default\">\n\t\t\t\t<div class=\"elementor-widget-container\">\n\t\t\t\t\t<div class=\"elementor-divider\">\n\t\t\t<span class=\"elementor-divider-separator\">\n\t\t\t\t\t\t<\/span>\n\t\t<\/div>\n\t\t\t\t<\/div>\n\t\t\t\t<\/div>\n\t\t\t\t<div class=\"elementor-element elementor-element-8cd267e elementor-widget elementor-widget-text-editor\" data-id=\"8cd267e\" data-element_type=\"widget\" data-widget_type=\"text-editor.default\">\n\t\t\t\t<div class=\"elementor-widget-container\">\n\t\t\t\t\t\t\t<h3>Cargoflex es una opci\u00f3n diferente en el comercio internacional, ofreciendo servicio de calidad siempre a la vanguardia \u00a0en la implementaci\u00f3n de nuevos modelos de gesti\u00f3n, adem\u00e1s de contar con un sistema inform\u00e1tico acorde al desarrollo constante de la tecnolog\u00eda.<\/h3>\t\t\t\t\t\t<\/div>\n\t\t\t\t<\/div>\n\t\t\t\t<div class=\"elementor-element elementor-element-1d1869c elementor-widget elementor-widget-text-editor\" data-id=\"1d1869c\" data-element_type=\"widget\" data-widget_type=\"text-editor.default\">\n\t\t\t\t<div class=\"elementor-widget-container\">\n\t\t\t\t\t\t\t<p>CargoFlex es una empresa 100% peruana, especializada en la integraci\u00f3n y ejecuci\u00f3n de manera\u00a0<strong>FLEXIBLE Y EFICIENTE<\/strong>\u00a0de operaciones log\u00edsticas orientadas al comercio Internacional.<\/p>\t\t\t\t\t\t<\/div>\n\t\t\t\t<\/div>\n\t\t\t\t\t<\/div>\n\t\t<\/div>\n\t\t\t\t\t\t\t<\/div>\n\t\t<\/section>\n\t\t\t\t<section class=\"elementor-section elementor-top-section elementor-element elementor-element-42641b7 elementor-section-boxed elementor-section-height-default elementor-section-height-default\" data-id=\"42641b7\" data-element_type=\"section\">\n\t\t\t\t\t\t<div class=\"elementor-container elementor-column-gap-default\">\n\t\t\t\t\t<div class=\"elementor-column elementor-col-100 elementor-top-column elementor-element elementor-element-87d440b\" data-id=\"87d440b\" data-element_type=\"column\">\n\t\t\t<div class=\"elementor-widget-wrap elementor-element-populated\">\n\t\t\t\t\t\t\t\t<div class=\"elementor-element elementor-element-2c2bd8c elementor-widget elementor-widget-spacer\" data-id=\"2c2bd8c\" data-element_type=\"widget\" data-widget_type=\"spacer.default\">\n\t\t\t\t<div class=\"elementor-widget-container\">\n\t\t\t\t\t<div class=\"elementor-spacer\">\n\t\t\t<div class=\"elementor-spacer-inner\"><\/div>\n\t\t<\/div>\n\t\t\t\t<\/div>\n\t\t\t\t<\/div>\n\t\t\t\t\t<\/div>\n\t\t<\/div>\n\t\t\t\t\t\t\t<\/div>\n\t\t<\/section>\n\t\t\t\t<section class=\"elementor-section elementor-top-section elementor-element elementor-element-8fc9c6d elementor-section-boxed elementor-section-height-default elementor-section-height-default\" data-id=\"8fc9c6d\" data-element_type=\"section\">\n\t\t\t\t\t\t<div class=\"elementor-container elementor-column-gap-default\">\n\t\t\t\t\t<div class=\"elementor-column elementor-col-33 elementor-top-column elementor-element elementor-element-a3ac14f\" data-id=\"a3ac14f\" data-element_type=\"column\">\n\t\t\t<div class=\"elementor-widget-wrap elementor-element-populated\">\n\t\t\t\t\t\t\t\t<div class=\"elementor-element elementor-element-2d65cb7 elementor-widget elementor-widget-image\" data-id=\"2d65cb7\" data-element_type=\"widget\" data-widget_type=\"image.default\">\n\t\t\t\t<div class=\"elementor-widget-container\">\n\t\t\t\t\t\t\t\t\t\t\t\t\t\t\t<img loading=\"lazy\" decoding=\"async\" width=\"450\" height=\"300\" src=\"https:\/\/cargoflex.com.pe\/blog\/wp-content\/uploads\/2021\/03\/cargoflex-aduanas-1.jpg\" class=\"attachment-large size-large wp-image-520\" alt=\"\" srcset=\"https:\/\/cargoflex.com.pe\/blog\/wp-content\/uploads\/2021\/03\/cargoflex-aduanas-1.jpg 450w, https:\/\/cargoflex.com.pe\/blog\/wp-content\/uploads\/2021\/03\/cargoflex-aduanas-1-300x200.jpg 300w\" sizes=\"auto, (max-width: 450px) 100vw, 450px\" \/>\t\t\t\t\t\t\t\t\t\t\t\t\t\t\t<\/div>\n\t\t\t\t<\/div>\n\t\t\t\t\t<\/div>\n\t\t<\/div>\n\t\t\t\t<div class=\"elementor-column elementor-col-33 elementor-top-column elementor-element elementor-element-cfca65c\" data-id=\"cfca65c\" data-element_type=\"column\">\n\t\t\t<div class=\"elementor-widget-wrap elementor-element-populated\">\n\t\t\t\t\t\t\t\t<div class=\"elementor-element elementor-element-f471770 elementor-widget elementor-widget-image\" data-id=\"f471770\" data-element_type=\"widget\" data-widget_type=\"image.default\">\n\t\t\t\t<div class=\"elementor-widget-container\">\n\t\t\t\t\t\t\t\t\t\t\t\t\t\t\t<img loading=\"lazy\" decoding=\"async\" width=\"450\" height=\"300\" src=\"https:\/\/cargoflex.com.pe\/blog\/wp-content\/uploads\/2021\/03\/cargoflex-aduanas-2.jpg\" class=\"attachment-large size-large wp-image-521\" alt=\"\" srcset=\"https:\/\/cargoflex.com.pe\/blog\/wp-content\/uploads\/2021\/03\/cargoflex-aduanas-2.jpg 450w, https:\/\/cargoflex.com.pe\/blog\/wp-content\/uploads\/2021\/03\/cargoflex-aduanas-2-300x200.jpg 300w\" sizes=\"auto, (max-width: 450px) 100vw, 450px\" \/>\t\t\t\t\t\t\t\t\t\t\t\t\t\t\t<\/div>\n\t\t\t\t<\/div>\n\t\t\t\t\t<\/div>\n\t\t<\/div>\n\t\t\t\t<div class=\"elementor-column elementor-col-33 elementor-top-column elementor-element elementor-element-5d35926\" data-id=\"5d35926\" data-element_type=\"column\">\n\t\t\t<div class=\"elementor-widget-wrap elementor-element-populated\">\n\t\t\t\t\t\t\t\t<div class=\"elementor-element elementor-element-0bbdada elementor-widget elementor-widget-image\" data-id=\"0bbdada\" data-element_type=\"widget\" data-widget_type=\"image.default\">\n\t\t\t\t<div class=\"elementor-widget-container\">\n\t\t\t\t\t\t\t\t\t\t\t\t\t\t\t<img loading=\"lazy\" decoding=\"async\" width=\"450\" height=\"300\" src=\"https:\/\/cargoflex.com.pe\/blog\/wp-content\/uploads\/2021\/03\/cargoflex-aduanas-3.jpg\" class=\"attachment-large size-large wp-image-522\" alt=\"\" srcset=\"https:\/\/cargoflex.com.pe\/blog\/wp-content\/uploads\/2021\/03\/cargoflex-aduanas-3.jpg 450w, https:\/\/cargoflex.com.pe\/blog\/wp-content\/uploads\/2021\/03\/cargoflex-aduanas-3-300x200.jpg 300w\" sizes=\"auto, (max-width: 450px) 100vw, 450px\" \/>\t\t\t\t\t\t\t\t\t\t\t\t\t\t\t<\/div>\n\t\t\t\t<\/div>\n\t\t\t\t\t<\/div>\n\t\t<\/div>\n\t\t\t\t\t\t\t<\/div>\n\t\t<\/section>\n\t\t\t\t<section class=\"elementor-section elementor-top-section elementor-element elementor-element-69bde4a elementor-section-boxed elementor-section-height-default elementor-section-height-default\" data-id=\"69bde4a\" data-element_type=\"section\">\n\t\t\t\t\t\t<div class=\"elementor-container elementor-column-gap-default\">\n\t\t\t\t\t<div class=\"elementor-column elementor-col-100 elementor-top-column elementor-element elementor-element-bba0fa7\" data-id=\"bba0fa7\" data-element_type=\"column\">\n\t\t\t<div class=\"elementor-widget-wrap elementor-element-populated\">\n\t\t\t\t\t\t\t\t<div class=\"elementor-element elementor-element-526eef5 elementor-widget elementor-widget-spacer\" data-id=\"526eef5\" data-element_type=\"widget\" data-widget_type=\"spacer.default\">\n\t\t\t\t<div class=\"elementor-widget-container\">\n\t\t\t\t\t<div class=\"elementor-spacer\">\n\t\t\t<div class=\"elementor-spacer-inner\"><\/div>\n\t\t<\/div>\n\t\t\t\t<\/div>\n\t\t\t\t<\/div>\n\t\t\t\t<div class=\"elementor-element elementor-element-58b5bd1 elementor-widget elementor-widget-button\" data-id=\"58b5bd1\" data-element_type=\"widget\" data-widget_type=\"button.default\">\n\t\t\t\t<div class=\"elementor-widget-container\">\n\t\t\t\t\t<div class=\"elementor-button-wrapper\">\n\t\t\t<a class=\"elementor-button elementor-button-link elementor-size-sm elementor-animation-pulse\" href=\"https:\/\/cargoflex.com.pe\/blog\/contacto\/\">\n\t\t\t\t\t\t<span class=\"elementor-button-content-wrapper\">\n\t\t\t\t\t\t<span class=\"elementor-button-text\">Cotiza Aqu\u00ed<\/span>\n\t\t<\/span>\n\t\t\t\t\t<\/a>\n\t\t<\/div>\n\t\t\t\t<\/div>\n\t\t\t\t<\/div>\n\t\t\t\t\t<\/div>\n\t\t<\/div>\n\t\t\t\t\t\t\t<\/div>\n\t\t<\/section>\n\t\t\t\t\t\t\t<\/div>\n\t\t","protected":false},"excerpt":{"rendered":"<p>Agenciamiento de Aduanas Cargoflex es una opci\u00f3n diferente en el comercio internacional, ofreciendo servicio de calidad siempre a la vanguardia \u00a0en la implementaci\u00f3n de nuevos modelos de gesti\u00f3n, adem\u00e1s de contar con un sistema inform\u00e1tico acorde al desarrollo constante de la tecnolog\u00eda. CargoFlex es una empresa 100% peruana, especializada en la integraci\u00f3n y ejecuci\u00f3n de [&hellip;]<\/p>\n","protected":false},"author":1,"featured_media":0,"parent":0,"menu_order":0,"comment_status":"closed","ping_status":"closed","template":"","meta":{"_joinchat":[],"footnotes":""},"class_list":["post-82","page","type-page","status-publish","hentry"],"yoast_head":"<!-- This site is optimized with the Yoast SEO plugin v24.9 - https:\/\/yoast.com\/wordpress\/plugins\/seo\/ -->\n<title>Aduanas<\/title>\n<meta name=\"robots\" content=\"index, follow, max-snippet:-1, max-image-preview:large, max-video-preview:-1\" \/>\n<link rel=\"canonical\" href=\"https:\/\/cargoflex.com.pe\/blog\/flex-aduanas\/\" \/>\n<meta property=\"og:locale\" content=\"es_ES\" \/>\n<meta property=\"og:type\" content=\"article\" \/>\n<meta property=\"og:title\" content=\"Aduanas\" \/>\n<meta property=\"og:description\" content=\"Agenciamiento de Aduanas Cargoflex es una opci\u00f3n diferente en el comercio internacional, ofreciendo servicio de calidad siempre a la vanguardia \u00a0en la implementaci\u00f3n de nuevos modelos de gesti\u00f3n, adem\u00e1s de contar con un sistema inform\u00e1tico acorde al desarrollo constante de la tecnolog\u00eda. CargoFlex es una empresa 100% peruana, especializada en la integraci\u00f3n y ejecuci\u00f3n de [&hellip;]\" \/>\n<meta property=\"og:url\" content=\"https:\/\/cargoflex.com.pe\/blog\/flex-aduanas\/\" \/>\n<meta property=\"og:site_name\" content=\"CARGOFLEX\" \/>\n<meta property=\"article:modified_time\" content=\"2021-05-18T03:15:50+00:00\" \/>\n<meta property=\"og:image\" content=\"https:\/\/cargoflex.com.pe\/blog\/wp-content\/uploads\/2021\/03\/Flex-aduanas-1.jpg\" \/>\n<meta name=\"twitter:card\" content=\"summary_large_image\" \/>\n<meta name=\"twitter:label1\" content=\"Tiempo de lectura\" \/>\n\t<meta name=\"twitter:data1\" content=\"2 minutos\" \/>\n<script type=\"application\/ld+json\" class=\"yoast-schema-graph\">{\"@context\":\"https:\/\/schema.org\",\"@graph\":[{\"@type\":\"WebPage\",\"@id\":\"https:\/\/cargoflex.com.pe\/blog\/flex-aduanas\/\",\"url\":\"https:\/\/cargoflex.com.pe\/blog\/flex-aduanas\/\",\"name\":\"Aduanas\",\"isPartOf\":{\"@id\":\"https:\/\/cargoflex.com.pe\/blog\/#website\"},\"primaryImageOfPage\":{\"@id\":\"https:\/\/cargoflex.com.pe\/blog\/flex-aduanas\/#primaryimage\"},\"image\":{\"@id\":\"https:\/\/cargoflex.com.pe\/blog\/flex-aduanas\/#primaryimage\"},\"thumbnailUrl\":\"https:\/\/cargoflex.com.pe\/blog\/wp-content\/uploads\/2021\/03\/Flex-aduanas-1.jpg\",\"datePublished\":\"2021-03-04T02:52:48+00:00\",\"dateModified\":\"2021-05-18T03:15:50+00:00\",\"inLanguage\":\"es\",\"potentialAction\":[{\"@type\":\"ReadAction\",\"target\":[\"https:\/\/cargoflex.com.pe\/blog\/flex-aduanas\/\"]}]},{\"@type\":\"ImageObject\",\"inLanguage\":\"es\",\"@id\":\"https:\/\/cargoflex.com.pe\/blog\/flex-aduanas\/#primaryimage\",\"url\":\"https:\/\/cargoflex.com.pe\/blog\/wp-content\/uploads\/2021\/03\/Flex-aduanas-1.jpg\",\"contentUrl\":\"https:\/\/cargoflex.com.pe\/blog\/wp-content\/uploads\/2021\/03\/Flex-aduanas-1.jpg\",\"width\":1920,\"height\":700},{\"@type\":\"WebSite\",\"@id\":\"https:\/\/cargoflex.com.pe\/blog\/#website\",\"url\":\"https:\/\/cargoflex.com.pe\/blog\/\",\"name\":\"CARGOFLEX\",\"description\":\"mpresa de servicios log\u00edsticos internacionales, especializada en operaciones de comercio exterior con enfoque flexible, eficiente y personalizado. Con oficinas en Per\u00fa, Estados Unidos y Espa\u00f1a, gestionamos tus env\u00edos bajo un mismo est\u00e1ndar de calidad\",\"publisher\":{\"@id\":\"https:\/\/cargoflex.com.pe\/blog\/#organization\"},\"potentialAction\":[{\"@type\":\"SearchAction\",\"target\":{\"@type\":\"EntryPoint\",\"urlTemplate\":\"https:\/\/cargoflex.com.pe\/blog\/?s={search_term_string}\"},\"query-input\":{\"@type\":\"PropertyValueSpecification\",\"valueRequired\":true,\"valueName\":\"search_term_string\"}}],\"inLanguage\":\"es\"},{\"@type\":\"Organization\",\"@id\":\"https:\/\/cargoflex.com.pe\/blog\/#organization\",\"name\":\"CARGOFLEX\",\"url\":\"https:\/\/cargoflex.com.pe\/blog\/\",\"logo\":{\"@type\":\"ImageObject\",\"inLanguage\":\"es\",\"@id\":\"https:\/\/cargoflex.com.pe\/blog\/#\/schema\/logo\/image\/\",\"url\":\"https:\/\/cargoflex.com.pe\/blog\/wp-content\/uploads\/2023\/07\/cropped-logo-cargoflex-1.png\",\"contentUrl\":\"https:\/\/cargoflex.com.pe\/blog\/wp-content\/uploads\/2023\/07\/cropped-logo-cargoflex-1.png\",\"width\":413,\"height\":126,\"caption\":\"CARGOFLEX\"},\"image\":{\"@id\":\"https:\/\/cargoflex.com.pe\/blog\/#\/schema\/logo\/image\/\"}}]}<\/script>\n<!-- \/ Yoast SEO plugin. -->","yoast_head_json":{"title":"Aduanas","robots":{"index":"index","follow":"follow","max-snippet":"max-snippet:-1","max-image-preview":"max-image-preview:large","max-video-preview":"max-video-preview:-1"},"canonical":"https:\/\/cargoflex.com.pe\/blog\/flex-aduanas\/","og_locale":"es_ES","og_type":"article","og_title":"Aduanas","og_description":"Agenciamiento de Aduanas Cargoflex es una opci\u00f3n diferente en el comercio internacional, ofreciendo servicio de calidad siempre a la vanguardia \u00a0en la implementaci\u00f3n de nuevos modelos de gesti\u00f3n, adem\u00e1s de contar con un sistema inform\u00e1tico acorde al desarrollo constante de la tecnolog\u00eda. CargoFlex es una empresa 100% peruana, especializada en la integraci\u00f3n y ejecuci\u00f3n de [&hellip;]","og_url":"https:\/\/cargoflex.com.pe\/blog\/flex-aduanas\/","og_site_name":"CARGOFLEX","article_modified_time":"2021-05-18T03:15:50+00:00","og_image":[{"url":"https:\/\/cargoflex.com.pe\/blog\/wp-content\/uploads\/2021\/03\/Flex-aduanas-1.jpg","type":"","width":"","height":""}],"twitter_card":"summary_large_image","twitter_misc":{"Tiempo de lectura":"2 minutos"},"schema":{"@context":"https:\/\/schema.org","@graph":[{"@type":"WebPage","@id":"https:\/\/cargoflex.com.pe\/blog\/flex-aduanas\/","url":"https:\/\/cargoflex.com.pe\/blog\/flex-aduanas\/","name":"Aduanas","isPartOf":{"@id":"https:\/\/cargoflex.com.pe\/blog\/#website"},"primaryImageOfPage":{"@id":"https:\/\/cargoflex.com.pe\/blog\/flex-aduanas\/#primaryimage"},"image":{"@id":"https:\/\/cargoflex.com.pe\/blog\/flex-aduanas\/#primaryimage"},"thumbnailUrl":"https:\/\/cargoflex.com.pe\/blog\/wp-content\/uploads\/2021\/03\/Flex-aduanas-1.jpg","datePublished":"2021-03-04T02:52:48+00:00","dateModified":"2021-05-18T03:15:50+00:00","inLanguage":"es","potentialAction":[{"@type":"ReadAction","target":["https:\/\/cargoflex.com.pe\/blog\/flex-aduanas\/"]}]},{"@type":"ImageObject","inLanguage":"es","@id":"https:\/\/cargoflex.com.pe\/blog\/flex-aduanas\/#primaryimage","url":"https:\/\/cargoflex.com.pe\/blog\/wp-content\/uploads\/2021\/03\/Flex-aduanas-1.jpg","contentUrl":"https:\/\/cargoflex.com.pe\/blog\/wp-content\/uploads\/2021\/03\/Flex-aduanas-1.jpg","width":1920,"height":700},{"@type":"WebSite","@id":"https:\/\/cargoflex.com.pe\/blog\/#website","url":"https:\/\/cargoflex.com.pe\/blog\/","name":"CARGOFLEX","description":"mpresa de servicios log\u00edsticos internacionales, especializada en operaciones de comercio exterior con enfoque flexible, eficiente y personalizado. Con oficinas en Per\u00fa, Estados Unidos y Espa\u00f1a, gestionamos tus env\u00edos bajo un mismo est\u00e1ndar de calidad","publisher":{"@id":"https:\/\/cargoflex.com.pe\/blog\/#organization"},"potentialAction":[{"@type":"SearchAction","target":{"@type":"EntryPoint","urlTemplate":"https:\/\/cargoflex.com.pe\/blog\/?s={search_term_string}"},"query-input":{"@type":"PropertyValueSpecification","valueRequired":true,"valueName":"search_term_string"}}],"inLanguage":"es"},{"@type":"Organization","@id":"https:\/\/cargoflex.com.pe\/blog\/#organization","name":"CARGOFLEX","url":"https:\/\/cargoflex.com.pe\/blog\/","logo":{"@type":"ImageObject","inLanguage":"es","@id":"https:\/\/cargoflex.com.pe\/blog\/#\/schema\/logo\/image\/","url":"https:\/\/cargoflex.com.pe\/blog\/wp-content\/uploads\/2023\/07\/cropped-logo-cargoflex-1.png","contentUrl":"https:\/\/cargoflex.com.pe\/blog\/wp-content\/uploads\/2023\/07\/cropped-logo-cargoflex-1.png","width":413,"height":126,"caption":"CARGOFLEX"},"image":{"@id":"https:\/\/cargoflex.com.pe\/blog\/#\/schema\/logo\/image\/"}}]}},"_links":{"self":[{"href":"https:\/\/cargoflex.com.pe\/blog\/wp-json\/wp\/v2\/pages\/82","targetHints":{"allow":["GET"]}}],"collection":[{"href":"https:\/\/cargoflex.com.pe\/blog\/wp-json\/wp\/v2\/pages"}],"about":[{"href":"https:\/\/cargoflex.com.pe\/blog\/wp-json\/wp\/v2\/types\/page"}],"author":[{"embeddable":true,"href":"https:\/\/cargoflex.com.pe\/blog\/wp-json\/wp\/v2\/users\/1"}],"replies":[{"embeddable":true,"href":"https:\/\/cargoflex.com.pe\/blog\/wp-json\/wp\/v2\/comments?post=82"}],"version-history":[{"count":29,"href":"https:\/\/cargoflex.com.pe\/blog\/wp-json\/wp\/v2\/pages\/82\/revisions"}],"predecessor-version":[{"id":545,"href":"https:\/\/cargoflex.com.pe\/blog\/wp-json\/wp\/v2\/pages\/82\/revisions\/545"}],"wp:attachment":[{"href":"https:\/\/cargoflex.com.pe\/blog\/wp-json\/wp\/v2\/media?parent=82"}],"curies":[{"name":"wp","href":"https:\/\/api.w.org\/{rel}","templated":true}]}}