{"id":83,"date":"2021-03-04T02:52:48","date_gmt":"2021-03-04T02:52:48","guid":{"rendered":"http:\/\/www.cargoflex.com.pe\/blog?page_id=83"},"modified":"2021-05-18T03:31:10","modified_gmt":"2021-05-18T03:31:10","slug":"flex-almacen","status":"publish","type":"page","link":"https:\/\/cargoflex.com.pe\/blog\/flex-almacen\/","title":{"rendered":"Flex Almac\u00e9n"},"content":{"rendered":"\t\t<div data-elementor-type=\"wp-page\" data-elementor-id=\"83\" class=\"elementor elementor-83\">\n\t\t\t\t\t\t\t\t\t<section class=\"elementor-section elementor-top-section elementor-element elementor-element-595abecf elementor-section-boxed elementor-section-height-default elementor-section-height-default\" data-id=\"595abecf\" data-element_type=\"section\">\n\t\t\t\t\t\t<div class=\"elementor-container elementor-column-gap-default\">\n\t\t\t\t\t<div class=\"elementor-column elementor-col-100 elementor-top-column elementor-element elementor-element-1a0d363\" data-id=\"1a0d363\" data-element_type=\"column\">\n\t\t\t<div class=\"elementor-widget-wrap\">\n\t\t\t\t\t\t\t\t\t<\/div>\n\t\t<\/div>\n\t\t\t\t\t\t\t<\/div>\n\t\t<\/section>\n\t\t\t\t<section class=\"elementor-section elementor-top-section elementor-element elementor-element-5d20e6c elementor-section-boxed elementor-section-height-default elementor-section-height-default\" data-id=\"5d20e6c\" data-element_type=\"section\">\n\t\t\t\t\t\t<div class=\"elementor-container elementor-column-gap-default\">\n\t\t\t\t\t<div class=\"elementor-column elementor-col-100 elementor-top-column elementor-element elementor-element-8650a2c\" data-id=\"8650a2c\" data-element_type=\"column\">\n\t\t\t<div class=\"elementor-widget-wrap elementor-element-populated\">\n\t\t\t\t\t\t\t\t<div class=\"elementor-element elementor-element-5b9ae10 elementor-widget elementor-widget-image\" data-id=\"5b9ae10\" data-element_type=\"widget\" data-widget_type=\"image.default\">\n\t\t\t\t<div class=\"elementor-widget-container\">\n\t\t\t\t\t\t\t\t\t\t\t\t\t\t\t<img loading=\"lazy\" decoding=\"async\" width=\"1920\" height=\"700\" src=\"https:\/\/cargoflex.com.pe\/blog\/wp-content\/uploads\/2021\/03\/Flex-almacen.jpg\" class=\"attachment-full size-full wp-image-397\" alt=\"\" srcset=\"https:\/\/cargoflex.com.pe\/blog\/wp-content\/uploads\/2021\/03\/Flex-almacen.jpg 1920w, https:\/\/cargoflex.com.pe\/blog\/wp-content\/uploads\/2021\/03\/Flex-almacen-300x109.jpg 300w, https:\/\/cargoflex.com.pe\/blog\/wp-content\/uploads\/2021\/03\/Flex-almacen-1024x373.jpg 1024w, https:\/\/cargoflex.com.pe\/blog\/wp-content\/uploads\/2021\/03\/Flex-almacen-768x280.jpg 768w, https:\/\/cargoflex.com.pe\/blog\/wp-content\/uploads\/2021\/03\/Flex-almacen-1536x560.jpg 1536w\" sizes=\"auto, (max-width: 1920px) 100vw, 1920px\" \/>\t\t\t\t\t\t\t\t\t\t\t\t\t\t\t<\/div>\n\t\t\t\t<\/div>\n\t\t\t\t\t<\/div>\n\t\t<\/div>\n\t\t\t\t\t\t\t<\/div>\n\t\t<\/section>\n\t\t\t\t<section class=\"elementor-section elementor-top-section elementor-element elementor-element-384fb2a elementor-section-boxed elementor-section-height-default elementor-section-height-default\" data-id=\"384fb2a\" data-element_type=\"section\">\n\t\t\t\t\t\t<div class=\"elementor-container elementor-column-gap-default\">\n\t\t\t\t\t<div class=\"elementor-column elementor-col-100 elementor-top-column elementor-element elementor-element-3863603\" data-id=\"3863603\" data-element_type=\"column\">\n\t\t\t<div class=\"elementor-widget-wrap elementor-element-populated\">\n\t\t\t\t\t\t\t\t<div class=\"elementor-element elementor-element-2c7b9e5 elementor-invisible elementor-widget elementor-widget-image\" data-id=\"2c7b9e5\" data-element_type=\"widget\" data-settings=\"{&quot;_animation&quot;:&quot;fadeInRight&quot;}\" data-widget_type=\"image.default\">\n\t\t\t\t<div class=\"elementor-widget-container\">\n\t\t\t\t\t\t\t\t\t\t\t\t\t\t\t<img decoding=\"async\" src=\"https:\/\/cargoflex.com.pe\/blog\/wp-content\/uploads\/elementor\/thumbs\/FLEX-ALAMACEN-p48jtyy8wl37opfj1rbxzounl39ucr8s1lnew8ioy6.jpg\" title=\"FLEX-ALAMACEN\" alt=\"FLEX-ALAMACEN\" loading=\"lazy\" \/>\t\t\t\t\t\t\t\t\t\t\t\t\t\t\t<\/div>\n\t\t\t\t<\/div>\n\t\t\t\t\t<\/div>\n\t\t<\/div>\n\t\t\t\t\t\t\t<\/div>\n\t\t<\/section>\n\t\t\t\t<section class=\"elementor-section elementor-top-section elementor-element elementor-element-75923a1 elementor-section-boxed elementor-section-height-default elementor-section-height-default\" data-id=\"75923a1\" data-element_type=\"section\">\n\t\t\t\t\t\t<div class=\"elementor-container elementor-column-gap-default\">\n\t\t\t\t\t<div class=\"elementor-column elementor-col-100 elementor-top-column elementor-element elementor-element-42c924d\" data-id=\"42c924d\" data-element_type=\"column\">\n\t\t\t<div class=\"elementor-widget-wrap elementor-element-populated\">\n\t\t\t\t\t\t\t\t<div class=\"elementor-element elementor-element-0c30608 elementor-widget elementor-widget-spacer\" data-id=\"0c30608\" data-element_type=\"widget\" data-widget_type=\"spacer.default\">\n\t\t\t\t<div class=\"elementor-widget-container\">\n\t\t\t\t\t<div class=\"elementor-spacer\">\n\t\t\t<div class=\"elementor-spacer-inner\"><\/div>\n\t\t<\/div>\n\t\t\t\t<\/div>\n\t\t\t\t<\/div>\n\t\t\t\t\t<\/div>\n\t\t<\/div>\n\t\t\t\t\t\t\t<\/div>\n\t\t<\/section>\n\t\t\t\t<section class=\"elementor-section elementor-top-section elementor-element elementor-element-fa45ab6 elementor-section-boxed elementor-section-height-default elementor-section-height-default\" data-id=\"fa45ab6\" data-element_type=\"section\">\n\t\t\t\t\t\t<div class=\"elementor-container elementor-column-gap-default\">\n\t\t\t\t\t<div class=\"elementor-column elementor-col-100 elementor-top-column elementor-element elementor-element-68dc233\" data-id=\"68dc233\" data-element_type=\"column\">\n\t\t\t<div class=\"elementor-widget-wrap elementor-element-populated\">\n\t\t\t\t\t\t\t\t<div class=\"elementor-element elementor-element-580a6d9 elementor-widget elementor-widget-heading\" data-id=\"580a6d9\" data-element_type=\"widget\" data-widget_type=\"heading.default\">\n\t\t\t\t<div class=\"elementor-widget-container\">\n\t\t\t<h1 class=\"elementor-heading-title elementor-size-default\">Servicio de Almac\u00e9n<\/h1>\t\t<\/div>\n\t\t\t\t<\/div>\n\t\t\t\t<div class=\"elementor-element elementor-element-8d79742 elementor-widget-divider--view-line elementor-widget elementor-widget-divider\" data-id=\"8d79742\" data-element_type=\"widget\" data-widget_type=\"divider.default\">\n\t\t\t\t<div class=\"elementor-widget-container\">\n\t\t\t\t\t<div class=\"elementor-divider\">\n\t\t\t<span class=\"elementor-divider-separator\">\n\t\t\t\t\t\t<\/span>\n\t\t<\/div>\n\t\t\t\t<\/div>\n\t\t\t\t<\/div>\n\t\t\t\t<div class=\"elementor-element elementor-element-b6bf579 elementor-widget elementor-widget-text-editor\" data-id=\"b6bf579\" data-element_type=\"widget\" data-widget_type=\"text-editor.default\">\n\t\t\t\t<div class=\"elementor-widget-container\">\n\t\t\t\t\t\t\t<h3><span style=\"color: #6d6d6d;\"><b>C<\/b><b>argoflex <\/b>ofrece a sus clientes los servicios de Almac\u00e9n.<br \/>Excelente almac\u00e9n techado ubicado en zona industrial. Ideal para CD, recepci\u00f3n de todo tipo de carga general, mercader\u00eda de importaci\u00f3n y exportaci\u00f3n. Atenci\u00f3n de Lunes a Domingo. Contamos con seguridad, video c\u00e1maras y un equipo humano con vocaci\u00f3n de servicio.<\/span><\/h3>\t\t\t\t\t\t<\/div>\n\t\t\t\t<\/div>\n\t\t\t\t<div class=\"elementor-element elementor-element-7cb3a02 elementor-widget elementor-widget-text-editor\" data-id=\"7cb3a02\" data-element_type=\"widget\" data-widget_type=\"text-editor.default\">\n\t\t\t\t<div class=\"elementor-widget-container\">\n\t\t\t\t\t\t\t<p>CargoFlex es una empresa 100% peruana, especializada en la integraci\u00f3n y ejecuci\u00f3n de manera\u00a0<strong>FLEXIBLE Y EFICIENTE<\/strong>\u00a0de operaciones log\u00edsticas orientadas al comercio Internacional.<\/p>\t\t\t\t\t\t<\/div>\n\t\t\t\t<\/div>\n\t\t\t\t\t<\/div>\n\t\t<\/div>\n\t\t\t\t\t\t\t<\/div>\n\t\t<\/section>\n\t\t\t\t<section class=\"elementor-section elementor-top-section elementor-element elementor-element-7eeef72 elementor-section-boxed elementor-section-height-default elementor-section-height-default\" data-id=\"7eeef72\" data-element_type=\"section\">\n\t\t\t\t\t\t<div class=\"elementor-container elementor-column-gap-default\">\n\t\t\t\t\t<div class=\"elementor-column elementor-col-100 elementor-top-column elementor-element elementor-element-d7aa72a\" data-id=\"d7aa72a\" data-element_type=\"column\">\n\t\t\t<div class=\"elementor-widget-wrap elementor-element-populated\">\n\t\t\t\t\t\t\t\t<div class=\"elementor-element elementor-element-8774e24 elementor-widget elementor-widget-spacer\" data-id=\"8774e24\" data-element_type=\"widget\" data-widget_type=\"spacer.default\">\n\t\t\t\t<div class=\"elementor-widget-container\">\n\t\t\t\t\t<div class=\"elementor-spacer\">\n\t\t\t<div class=\"elementor-spacer-inner\"><\/div>\n\t\t<\/div>\n\t\t\t\t<\/div>\n\t\t\t\t<\/div>\n\t\t\t\t<div class=\"elementor-element elementor-element-763ac59 elementor-widget elementor-widget-heading\" data-id=\"763ac59\" data-element_type=\"widget\" data-widget_type=\"heading.default\">\n\t\t\t\t<div class=\"elementor-widget-container\">\n\t\t\t<h1 class=\"elementor-heading-title elementor-size-default\">Tipos de Almac\u00e9n<\/h1>\t\t<\/div>\n\t\t\t\t<\/div>\n\t\t\t\t\t<\/div>\n\t\t<\/div>\n\t\t\t\t\t\t\t<\/div>\n\t\t<\/section>\n\t\t\t\t<section class=\"elementor-section elementor-top-section elementor-element elementor-element-713de09 elementor-section-boxed elementor-section-height-default elementor-section-height-default\" data-id=\"713de09\" data-element_type=\"section\">\n\t\t\t\t\t\t<div class=\"elementor-container elementor-column-gap-default\">\n\t\t\t\t\t<div class=\"elementor-column elementor-col-33 elementor-top-column elementor-element elementor-element-cbf3a3f\" data-id=\"cbf3a3f\" data-element_type=\"column\">\n\t\t\t<div class=\"elementor-widget-wrap elementor-element-populated\">\n\t\t\t\t\t\t\t\t<div class=\"elementor-element elementor-element-6d7507e animated-slow elementor-invisible elementor-widget elementor-widget-image\" data-id=\"6d7507e\" data-element_type=\"widget\" data-settings=\"{&quot;_animation&quot;:&quot;fadeIn&quot;}\" data-widget_type=\"image.default\">\n\t\t\t\t<div class=\"elementor-widget-container\">\n\t\t\t\t\t\t\t\t\t\t\t\t\t\t\t<img loading=\"lazy\" decoding=\"async\" width=\"450\" height=\"300\" src=\"https:\/\/cargoflex.com.pe\/blog\/wp-content\/uploads\/2021\/03\/cargoflex-almacen1.jpg\" class=\"attachment-large size-large wp-image-422\" alt=\"\" srcset=\"https:\/\/cargoflex.com.pe\/blog\/wp-content\/uploads\/2021\/03\/cargoflex-almacen1.jpg 450w, https:\/\/cargoflex.com.pe\/blog\/wp-content\/uploads\/2021\/03\/cargoflex-almacen1-300x200.jpg 300w\" sizes=\"auto, (max-width: 450px) 100vw, 450px\" \/>\t\t\t\t\t\t\t\t\t\t\t\t\t\t\t<\/div>\n\t\t\t\t<\/div>\n\t\t\t\t\t<\/div>\n\t\t<\/div>\n\t\t\t\t<div class=\"elementor-column elementor-col-33 elementor-top-column elementor-element elementor-element-20430f3\" data-id=\"20430f3\" data-element_type=\"column\">\n\t\t\t<div class=\"elementor-widget-wrap elementor-element-populated\">\n\t\t\t\t\t\t\t\t<div class=\"elementor-element elementor-element-b3dab4c animated-slow elementor-invisible elementor-widget elementor-widget-image\" data-id=\"b3dab4c\" data-element_type=\"widget\" data-settings=\"{&quot;_animation&quot;:&quot;fadeIn&quot;,&quot;_animation_delay&quot;:1}\" data-widget_type=\"image.default\">\n\t\t\t\t<div class=\"elementor-widget-container\">\n\t\t\t\t\t\t\t\t\t\t\t\t\t\t\t<img loading=\"lazy\" decoding=\"async\" width=\"450\" height=\"300\" src=\"https:\/\/cargoflex.com.pe\/blog\/wp-content\/uploads\/2021\/03\/cargoflex-almacen2.jpg\" class=\"attachment-large size-large wp-image-423\" alt=\"\" srcset=\"https:\/\/cargoflex.com.pe\/blog\/wp-content\/uploads\/2021\/03\/cargoflex-almacen2.jpg 450w, https:\/\/cargoflex.com.pe\/blog\/wp-content\/uploads\/2021\/03\/cargoflex-almacen2-300x200.jpg 300w\" sizes=\"auto, (max-width: 450px) 100vw, 450px\" \/>\t\t\t\t\t\t\t\t\t\t\t\t\t\t\t<\/div>\n\t\t\t\t<\/div>\n\t\t\t\t\t<\/div>\n\t\t<\/div>\n\t\t\t\t<div class=\"elementor-column elementor-col-33 elementor-top-column elementor-element elementor-element-bc4916a\" data-id=\"bc4916a\" data-element_type=\"column\">\n\t\t\t<div class=\"elementor-widget-wrap elementor-element-populated\">\n\t\t\t\t\t\t\t\t<div class=\"elementor-element elementor-element-9656009 animated-slow elementor-invisible elementor-widget elementor-widget-image\" data-id=\"9656009\" data-element_type=\"widget\" data-settings=\"{&quot;_animation&quot;:&quot;fadeIn&quot;,&quot;_animation_delay&quot;:2}\" data-widget_type=\"image.default\">\n\t\t\t\t<div class=\"elementor-widget-container\">\n\t\t\t\t\t\t\t\t\t\t\t\t\t\t\t<img decoding=\"async\" src=\"https:\/\/cargoflex.com.pe\/blog\/wp-content\/uploads\/elementor\/thumbs\/cargoflex-almacen3-p48kkqethrrtmskws1tx2r85mkpoc6f76itlvqf2go.jpg\" title=\"cargoflex-almacen3\" alt=\"cargoflex-almacen3\" loading=\"lazy\" \/>\t\t\t\t\t\t\t\t\t\t\t\t\t\t\t<\/div>\n\t\t\t\t<\/div>\n\t\t\t\t\t<\/div>\n\t\t<\/div>\n\t\t\t\t\t\t\t<\/div>\n\t\t<\/section>\n\t\t\t\t<section class=\"elementor-section elementor-top-section elementor-element elementor-element-5c23ed5 elementor-section-boxed elementor-section-height-default elementor-section-height-default\" data-id=\"5c23ed5\" data-element_type=\"section\">\n\t\t\t\t\t\t<div class=\"elementor-container elementor-column-gap-default\">\n\t\t\t\t\t<div class=\"elementor-column elementor-col-100 elementor-top-column elementor-element elementor-element-fad13a6\" data-id=\"fad13a6\" data-element_type=\"column\">\n\t\t\t<div class=\"elementor-widget-wrap elementor-element-populated\">\n\t\t\t\t\t\t\t\t<div class=\"elementor-element elementor-element-d2175f9 elementor-widget elementor-widget-text-editor\" data-id=\"d2175f9\" data-element_type=\"widget\" data-widget_type=\"text-editor.default\">\n\t\t\t\t<div class=\"elementor-widget-container\">\n\t\t\t\t\t\t\t<p>CargoFlex es una empresa 100% peruana, especializada en la integraci\u00f3n y ejecuci\u00f3n de manera\u00a0<strong>FLEXIBLE Y EFICIENTE<\/strong>\u00a0de operaciones log\u00edsticas orientadas al comercio Internacional.<\/p>\t\t\t\t\t\t<\/div>\n\t\t\t\t<\/div>\n\t\t\t\t<div class=\"elementor-element elementor-element-b253d4e elementor-widget elementor-widget-spacer\" data-id=\"b253d4e\" data-element_type=\"widget\" data-widget_type=\"spacer.default\">\n\t\t\t\t<div class=\"elementor-widget-container\">\n\t\t\t\t\t<div class=\"elementor-spacer\">\n\t\t\t<div class=\"elementor-spacer-inner\"><\/div>\n\t\t<\/div>\n\t\t\t\t<\/div>\n\t\t\t\t<\/div>\n\t\t\t\t<div class=\"elementor-element elementor-element-a86a21e elementor-widget elementor-widget-button\" data-id=\"a86a21e\" data-element_type=\"widget\" data-widget_type=\"button.default\">\n\t\t\t\t<div class=\"elementor-widget-container\">\n\t\t\t\t\t<div class=\"elementor-button-wrapper\">\n\t\t\t<a class=\"elementor-button elementor-button-link elementor-size-sm elementor-animation-pulse\" href=\"https:\/\/cargoflex.com.pe\/blog\/contacto\/\">\n\t\t\t\t\t\t<span class=\"elementor-button-content-wrapper\">\n\t\t\t\t\t\t<span class=\"elementor-button-text\">Cotiza Aqu\u00ed<\/span>\n\t\t<\/span>\n\t\t\t\t\t<\/a>\n\t\t<\/div>\n\t\t\t\t<\/div>\n\t\t\t\t<\/div>\n\t\t\t\t\t<\/div>\n\t\t<\/div>\n\t\t\t\t\t\t\t<\/div>\n\t\t<\/section>\n\t\t\t\t\t\t\t<\/div>\n\t\t","protected":false},"excerpt":{"rendered":"<p>Servicio de Almac\u00e9n Cargoflex ofrece a sus clientes los servicios de Almac\u00e9n.Excelente almac\u00e9n techado ubicado en zona industrial. Ideal para CD, recepci\u00f3n de todo tipo de carga general, mercader\u00eda de importaci\u00f3n y exportaci\u00f3n. Atenci\u00f3n de Lunes a Domingo. Contamos con seguridad, video c\u00e1maras y un equipo humano con vocaci\u00f3n de servicio. CargoFlex es una empresa [&hellip;]<\/p>\n","protected":false},"author":1,"featured_media":0,"parent":0,"menu_order":0,"comment_status":"closed","ping_status":"closed","template":"","meta":{"_joinchat":[],"footnotes":""},"class_list":["post-83","page","type-page","status-publish","hentry"],"yoast_head":"<!-- This site is optimized with the Yoast SEO plugin v24.9 - https:\/\/yoast.com\/wordpress\/plugins\/seo\/ -->\n<title>Almac\u00e9n<\/title>\n<meta name=\"robots\" content=\"index, follow, max-snippet:-1, max-image-preview:large, max-video-preview:-1\" \/>\n<link rel=\"canonical\" href=\"https:\/\/cargoflex.com.pe\/blog\/flex-almacen\/\" \/>\n<meta property=\"og:locale\" content=\"es_ES\" \/>\n<meta property=\"og:type\" content=\"article\" \/>\n<meta property=\"og:title\" content=\"Almac\u00e9n\" \/>\n<meta property=\"og:description\" content=\"Servicio de Almac\u00e9n Cargoflex ofrece a sus clientes los servicios de Almac\u00e9n.Excelente almac\u00e9n techado ubicado en zona industrial. Ideal para CD, recepci\u00f3n de todo tipo de carga general, mercader\u00eda de importaci\u00f3n y exportaci\u00f3n. Atenci\u00f3n de Lunes a Domingo. Contamos con seguridad, video c\u00e1maras y un equipo humano con vocaci\u00f3n de servicio. CargoFlex es una empresa [&hellip;]\" \/>\n<meta property=\"og:url\" content=\"https:\/\/cargoflex.com.pe\/blog\/flex-almacen\/\" \/>\n<meta property=\"og:site_name\" content=\"CARGOFLEX\" \/>\n<meta property=\"article:modified_time\" content=\"2021-05-18T03:31:10+00:00\" \/>\n<meta property=\"og:image\" content=\"https:\/\/cargoflex.com.pe\/blog\/wp-content\/uploads\/2021\/03\/Flex-almacen.jpg\" \/>\n<meta name=\"twitter:card\" content=\"summary_large_image\" \/>\n<meta name=\"twitter:label1\" content=\"Tiempo de lectura\" \/>\n\t<meta name=\"twitter:data1\" content=\"2 minutos\" \/>\n<script type=\"application\/ld+json\" class=\"yoast-schema-graph\">{\"@context\":\"https:\/\/schema.org\",\"@graph\":[{\"@type\":\"WebPage\",\"@id\":\"https:\/\/cargoflex.com.pe\/blog\/flex-almacen\/\",\"url\":\"https:\/\/cargoflex.com.pe\/blog\/flex-almacen\/\",\"name\":\"Almac\u00e9n\",\"isPartOf\":{\"@id\":\"https:\/\/cargoflex.com.pe\/blog\/#website\"},\"primaryImageOfPage\":{\"@id\":\"https:\/\/cargoflex.com.pe\/blog\/flex-almacen\/#primaryimage\"},\"image\":{\"@id\":\"https:\/\/cargoflex.com.pe\/blog\/flex-almacen\/#primaryimage\"},\"thumbnailUrl\":\"https:\/\/cargoflex.com.pe\/blog\/wp-content\/uploads\/2021\/03\/Flex-almacen.jpg\",\"datePublished\":\"2021-03-04T02:52:48+00:00\",\"dateModified\":\"2021-05-18T03:31:10+00:00\",\"inLanguage\":\"es\",\"potentialAction\":[{\"@type\":\"ReadAction\",\"target\":[\"https:\/\/cargoflex.com.pe\/blog\/flex-almacen\/\"]}]},{\"@type\":\"ImageObject\",\"inLanguage\":\"es\",\"@id\":\"https:\/\/cargoflex.com.pe\/blog\/flex-almacen\/#primaryimage\",\"url\":\"https:\/\/cargoflex.com.pe\/blog\/wp-content\/uploads\/2021\/03\/Flex-almacen.jpg\",\"contentUrl\":\"https:\/\/cargoflex.com.pe\/blog\/wp-content\/uploads\/2021\/03\/Flex-almacen.jpg\",\"width\":1920,\"height\":700},{\"@type\":\"WebSite\",\"@id\":\"https:\/\/cargoflex.com.pe\/blog\/#website\",\"url\":\"https:\/\/cargoflex.com.pe\/blog\/\",\"name\":\"CARGOFLEX\",\"description\":\"mpresa de servicios log\u00edsticos internacionales, especializada en operaciones de comercio exterior con enfoque flexible, eficiente y personalizado. Con oficinas en Per\u00fa, Estados Unidos y Espa\u00f1a, gestionamos tus env\u00edos bajo un mismo est\u00e1ndar de calidad\",\"publisher\":{\"@id\":\"https:\/\/cargoflex.com.pe\/blog\/#organization\"},\"potentialAction\":[{\"@type\":\"SearchAction\",\"target\":{\"@type\":\"EntryPoint\",\"urlTemplate\":\"https:\/\/cargoflex.com.pe\/blog\/?s={search_term_string}\"},\"query-input\":{\"@type\":\"PropertyValueSpecification\",\"valueRequired\":true,\"valueName\":\"search_term_string\"}}],\"inLanguage\":\"es\"},{\"@type\":\"Organization\",\"@id\":\"https:\/\/cargoflex.com.pe\/blog\/#organization\",\"name\":\"CARGOFLEX\",\"url\":\"https:\/\/cargoflex.com.pe\/blog\/\",\"logo\":{\"@type\":\"ImageObject\",\"inLanguage\":\"es\",\"@id\":\"https:\/\/cargoflex.com.pe\/blog\/#\/schema\/logo\/image\/\",\"url\":\"https:\/\/cargoflex.com.pe\/blog\/wp-content\/uploads\/2023\/07\/cropped-logo-cargoflex-1.png\",\"contentUrl\":\"https:\/\/cargoflex.com.pe\/blog\/wp-content\/uploads\/2023\/07\/cropped-logo-cargoflex-1.png\",\"width\":413,\"height\":126,\"caption\":\"CARGOFLEX\"},\"image\":{\"@id\":\"https:\/\/cargoflex.com.pe\/blog\/#\/schema\/logo\/image\/\"}}]}<\/script>\n<!-- \/ Yoast SEO plugin. -->","yoast_head_json":{"title":"Almac\u00e9n","robots":{"index":"index","follow":"follow","max-snippet":"max-snippet:-1","max-image-preview":"max-image-preview:large","max-video-preview":"max-video-preview:-1"},"canonical":"https:\/\/cargoflex.com.pe\/blog\/flex-almacen\/","og_locale":"es_ES","og_type":"article","og_title":"Almac\u00e9n","og_description":"Servicio de Almac\u00e9n Cargoflex ofrece a sus clientes los servicios de Almac\u00e9n.Excelente almac\u00e9n techado ubicado en zona industrial. Ideal para CD, recepci\u00f3n de todo tipo de carga general, mercader\u00eda de importaci\u00f3n y exportaci\u00f3n. Atenci\u00f3n de Lunes a Domingo. Contamos con seguridad, video c\u00e1maras y un equipo humano con vocaci\u00f3n de servicio. CargoFlex es una empresa [&hellip;]","og_url":"https:\/\/cargoflex.com.pe\/blog\/flex-almacen\/","og_site_name":"CARGOFLEX","article_modified_time":"2021-05-18T03:31:10+00:00","og_image":[{"url":"https:\/\/cargoflex.com.pe\/blog\/wp-content\/uploads\/2021\/03\/Flex-almacen.jpg","type":"","width":"","height":""}],"twitter_card":"summary_large_image","twitter_misc":{"Tiempo de lectura":"2 minutos"},"schema":{"@context":"https:\/\/schema.org","@graph":[{"@type":"WebPage","@id":"https:\/\/cargoflex.com.pe\/blog\/flex-almacen\/","url":"https:\/\/cargoflex.com.pe\/blog\/flex-almacen\/","name":"Almac\u00e9n","isPartOf":{"@id":"https:\/\/cargoflex.com.pe\/blog\/#website"},"primaryImageOfPage":{"@id":"https:\/\/cargoflex.com.pe\/blog\/flex-almacen\/#primaryimage"},"image":{"@id":"https:\/\/cargoflex.com.pe\/blog\/flex-almacen\/#primaryimage"},"thumbnailUrl":"https:\/\/cargoflex.com.pe\/blog\/wp-content\/uploads\/2021\/03\/Flex-almacen.jpg","datePublished":"2021-03-04T02:52:48+00:00","dateModified":"2021-05-18T03:31:10+00:00","inLanguage":"es","potentialAction":[{"@type":"ReadAction","target":["https:\/\/cargoflex.com.pe\/blog\/flex-almacen\/"]}]},{"@type":"ImageObject","inLanguage":"es","@id":"https:\/\/cargoflex.com.pe\/blog\/flex-almacen\/#primaryimage","url":"https:\/\/cargoflex.com.pe\/blog\/wp-content\/uploads\/2021\/03\/Flex-almacen.jpg","contentUrl":"https:\/\/cargoflex.com.pe\/blog\/wp-content\/uploads\/2021\/03\/Flex-almacen.jpg","width":1920,"height":700},{"@type":"WebSite","@id":"https:\/\/cargoflex.com.pe\/blog\/#website","url":"https:\/\/cargoflex.com.pe\/blog\/","name":"CARGOFLEX","description":"mpresa de servicios log\u00edsticos internacionales, especializada en operaciones de comercio exterior con enfoque flexible, eficiente y personalizado. Con oficinas en Per\u00fa, Estados Unidos y Espa\u00f1a, gestionamos tus env\u00edos bajo un mismo est\u00e1ndar de calidad","publisher":{"@id":"https:\/\/cargoflex.com.pe\/blog\/#organization"},"potentialAction":[{"@type":"SearchAction","target":{"@type":"EntryPoint","urlTemplate":"https:\/\/cargoflex.com.pe\/blog\/?s={search_term_string}"},"query-input":{"@type":"PropertyValueSpecification","valueRequired":true,"valueName":"search_term_string"}}],"inLanguage":"es"},{"@type":"Organization","@id":"https:\/\/cargoflex.com.pe\/blog\/#organization","name":"CARGOFLEX","url":"https:\/\/cargoflex.com.pe\/blog\/","logo":{"@type":"ImageObject","inLanguage":"es","@id":"https:\/\/cargoflex.com.pe\/blog\/#\/schema\/logo\/image\/","url":"https:\/\/cargoflex.com.pe\/blog\/wp-content\/uploads\/2023\/07\/cropped-logo-cargoflex-1.png","contentUrl":"https:\/\/cargoflex.com.pe\/blog\/wp-content\/uploads\/2023\/07\/cropped-logo-cargoflex-1.png","width":413,"height":126,"caption":"CARGOFLEX"},"image":{"@id":"https:\/\/cargoflex.com.pe\/blog\/#\/schema\/logo\/image\/"}}]}},"_links":{"self":[{"href":"https:\/\/cargoflex.com.pe\/blog\/wp-json\/wp\/v2\/pages\/83","targetHints":{"allow":["GET"]}}],"collection":[{"href":"https:\/\/cargoflex.com.pe\/blog\/wp-json\/wp\/v2\/pages"}],"about":[{"href":"https:\/\/cargoflex.com.pe\/blog\/wp-json\/wp\/v2\/types\/page"}],"author":[{"embeddable":true,"href":"https:\/\/cargoflex.com.pe\/blog\/wp-json\/wp\/v2\/users\/1"}],"replies":[{"embeddable":true,"href":"https:\/\/cargoflex.com.pe\/blog\/wp-json\/wp\/v2\/comments?post=83"}],"version-history":[{"count":68,"href":"https:\/\/cargoflex.com.pe\/blog\/wp-json\/wp\/v2\/pages\/83\/revisions"}],"predecessor-version":[{"id":551,"href":"https:\/\/cargoflex.com.pe\/blog\/wp-json\/wp\/v2\/pages\/83\/revisions\/551"}],"wp:attachment":[{"href":"https:\/\/cargoflex.com.pe\/blog\/wp-json\/wp\/v2\/media?parent=83"}],"curies":[{"name":"wp","href":"https:\/\/api.w.org\/{rel}","templated":true}]}}